{"id":91,"date":"2024-08-19T01:48:55","date_gmt":"2024-08-19T01:48:55","guid":{"rendered":"https:\/\/fcah.info\/cf\/?page_id=91"},"modified":"2024-08-19T17:19:07","modified_gmt":"2024-08-19T17:19:07","slug":"sesion-de-consejo-ordinario-del-20-de-agosto-del-2024","status":"publish","type":"page","link":"https:\/\/fcah.info\/cf\/sesion-de-consejo-ordinario-del-20-de-agosto-del-2024\/","title":{"rendered":"Sesi\u00f3n de Consejo Ordinario del 20 de agosto del 2024"},"content":{"rendered":"\n<figure class=\"wp-block-table is-style-stripes\"><table class=\"has-fixed-layout\"><tbody><tr><td><strong><a href=\"https:\/\/drive.google.com\/file\/d\/1wRIb8GF9Usm4q9eK_Z3UJ9W1rfalo2M7\/view?usp=sharing\">Citaci\u00f3n<\/a><\/strong><\/td><\/tr><tr><td><strong>Orden del D\u00eda:<\/strong><br><br><a href=\"https:\/\/drive.google.com\/file\/d\/1YSwn71yqwEDxva7Ow9NRKsZ7tj3Qpv9P\/view?usp=sharing\">1. Aprobaci\u00f3n de t\u00edtulos<\/a><br><a href=\"https:\/\/drive.google.com\/file\/d\/1-irp-q2GoAhEAw0FWl3JOnKvqunRUyha\/view?usp=sharing\">2. Aprobaci\u00f3n de la carga acad\u00e9mica 2024-I<\/a><br><a href=\"https:\/\/drive.google.com\/file\/d\/1-VI6Jt7tACE5xN81qSQ6YIqhnt_J5icp\/view?usp=sharing\">3. Presentaci\u00f3n y aprobaci\u00f3n del diploma del grado acad\u00e9mico de Doctor en Administraci\u00f3n del docente Guino Percy Guti\u00e9rrez Toledo<\/a><br><a href=\"https:\/\/drive.google.com\/file\/d\/1QgvgpCSxfA33-_JMNKiPp-7VNo9eVgmT\/view?usp=sharing\">4. Aprobaci\u00f3n de resoluci\u00f3n de felicitaci\u00f3n por el apoyo en la capacitaci\u00f3n del curso taller \u201cEvaluaci\u00f3n Curricular &#8211; curr\u00edculo flexible por competencias 2021-2025\u201d<\/a><br><a href=\"https:\/\/drive.google.com\/file\/d\/1CSclS6iAzZ2LL_50P5TdlRwlTptBysk5\/view?usp=sharing\">5. Aprobaci\u00f3n del reglamento de practicas pre profesionales<\/a>\u00a0\u00a0\u00a0\u00a0<br><a href=\"https:\/\/drive.google.com\/file\/d\/1CdFGKLpeeGmBX7gyg5K8zPjM1AiPWMgU\/view?usp=sharing\">6. Aprobaci\u00f3n del proyecto del curso de metodolog\u00eda de la investigaci\u00f3n para la obtenci\u00f3n de titulo profesional de licenciado en administraci\u00f3n \u2013 2024.\u00a0\u00a0<\/a><br><a href=\"https:\/\/drive.google.com\/file\/d\/1Dg7KJOnoqf2e6PppnMlaqPd_tkH4gS_R\/view?usp=sharing\">7. Aprobaci\u00f3n de la conformaci\u00f3n de la comisi\u00f3n de nivelaci\u00f3n de ingresantes para pre grado de la EPA 2024-II<\/a><\/td><\/tr><\/tbody><\/table><\/figure>\n\n\n\n<p class=\"has-ast-global-color-4-background-color has-background\"><sub><strong>Los enlaces tienen un funcionamiento sin inconvenientes con el uso del correo institucional de la UNAP.<\/strong><\/sub><\/p>\n\n\n\n<p><\/p>\n\n\n\n<p><\/p>\n","protected":false},"excerpt":{"rendered":"<p>Citaci\u00f3n Orden del D\u00eda: 1. Aprobaci\u00f3n de t\u00edtulos2. Aprobaci\u00f3n de la carga acad\u00e9mica 2024-I3. Presentaci\u00f3n y aprobaci\u00f3n del diploma del [&hellip;]<\/p>\n","protected":false},"author":1,"featured_media":0,"parent":0,"menu_order":0,"comment_status":"closed","ping_status":"closed","template":"","meta":{"site-sidebar-layout":"default","site-content-layout":"","ast-site-content-layout":"","site-content-style":"default","site-sidebar-style":"default","ast-global-header-display":"","ast-banner-title-visibility":"","ast-main-header-display":"","ast-hfb-above-header-display":"","ast-hfb-below-header-display":"","ast-hfb-mobile-header-display":"","site-post-title":"","ast-breadcrumbs-content":"","ast-featured-img":"","footer-sml-layout":"","theme-transparent-header-meta":"","adv-header-id-meta":"","stick-header-meta":"","header-above-stick-meta":"","header-main-stick-meta":"","header-below-stick-meta":"","astra-migrate-meta-layouts":"default","ast-page-background-enabled":"default","ast-page-background-meta":{"desktop":{"background-color":"var(--ast-global-color-4)","background-image":"","background-repeat":"repeat","background-position":"center center","background-size":"auto","background-attachment":"scroll","background-type":"","background-media":"","overlay-type":"","overlay-color":"","overlay-opacity":"","overlay-gradient":""},"tablet":{"background-color":"","background-image":"","background-repeat":"repeat","background-position":"center center","background-size":"auto","background-attachment":"scroll","background-type":"","background-media":"","overlay-type":"","overlay-color":"","overlay-opacity":"","overlay-gradient":""},"mobile":{"background-color":"","background-image":"","background-repeat":"repeat","background-position":"center center","background-size":"auto","background-attachment":"scroll","background-type":"","background-media":"","overlay-type":"","overlay-color":"","overlay-opacity":"","overlay-gradient":""}},"ast-content-background-meta":{"desktop":{"background-color":"var(--ast-global-color-5)","background-image":"","background-repeat":"repeat","background-position":"center center","background-size":"auto","background-attachment":"scroll","background-type":"","background-media":"","overlay-type":"","overlay-color":"","overlay-opacity":"","overlay-gradient":""},"tablet":{"background-color":"var(--ast-global-color-5)","background-image":"","background-repeat":"repeat","background-position":"center center","background-size":"auto","background-attachment":"scroll","background-type":"","background-media":"","overlay-type":"","overlay-color":"","overlay-opacity":"","overlay-gradient":""},"mobile":{"background-color":"var(--ast-global-color-5)","background-image":"","background-repeat":"repeat","background-position":"center center","background-size":"auto","background-attachment":"scroll","background-type":"","background-media":"","overlay-type":"","overlay-color":"","overlay-opacity":"","overlay-gradient":""}},"_joinchat":[],"footnotes":""},"class_list":["post-91","page","type-page","status-publish","hentry"],"_links":{"self":[{"href":"https:\/\/fcah.info\/cf\/wp-json\/wp\/v2\/pages\/91","targetHints":{"allow":["GET"]}}],"collection":[{"href":"https:\/\/fcah.info\/cf\/wp-json\/wp\/v2\/pages"}],"about":[{"href":"https:\/\/fcah.info\/cf\/wp-json\/wp\/v2\/types\/page"}],"author":[{"embeddable":true,"href":"https:\/\/fcah.info\/cf\/wp-json\/wp\/v2\/users\/1"}],"replies":[{"embeddable":true,"href":"https:\/\/fcah.info\/cf\/wp-json\/wp\/v2\/comments?post=91"}],"version-history":[{"count":5,"href":"https:\/\/fcah.info\/cf\/wp-json\/wp\/v2\/pages\/91\/revisions"}],"predecessor-version":[{"id":97,"href":"https:\/\/fcah.info\/cf\/wp-json\/wp\/v2\/pages\/91\/revisions\/97"}],"wp:attachment":[{"href":"https:\/\/fcah.info\/cf\/wp-json\/wp\/v2\/media?parent=91"}],"curies":[{"name":"wp","href":"https:\/\/api.w.org\/{rel}","templated":true}]}}