{"id":54,"date":"2024-07-20T03:55:24","date_gmt":"2024-07-20T03:55:24","guid":{"rendered":"https:\/\/fcah.info\/cf\/?page_id=54"},"modified":"2024-07-20T03:55:24","modified_gmt":"2024-07-20T03:55:24","slug":"sesion-de-consejo-ordinario-del-22-de-julio-del-2024","status":"publish","type":"page","link":"https:\/\/fcah.info\/cf\/sesion-de-consejo-ordinario-del-22-de-julio-del-2024\/","title":{"rendered":"Sesi\u00f3n de Consejo Ordinario del 22 de julio del 2024"},"content":{"rendered":"\n<figure class=\"wp-block-table is-style-stripes\"><table class=\"has-fixed-layout\"><tbody><tr><td><strong><a href=\"https:\/\/drive.google.com\/file\/d\/1u14KDrVpO1nW3qeSflC8KKLXmREl7BIh\/view?usp=sharing\">Citaci\u00f3n<\/a><\/strong><\/td><\/tr><tr><td><strong>Orden del D\u00eda:<\/strong><br><br>1. <a href=\"https:\/\/drive.google.com\/file\/d\/1jf3y-7E4xYKP2Bw0-i_8YKds-1f7G-R7\/view?usp=sharing\">Aprobaci\u00f3n del t\u00edtulo por sustentaci\u00f3n de tesis de la estudiante Mamani Bellido Lourdes Soledad<\/a>.<br>2. <a href=\"https:\/\/drive.google.com\/file\/d\/11enZJBIjdLuA6IRCM-HESGUMBx601pJJ\/view?usp=sharing\">Aprobaci\u00f3n del acta de evaluaci\u00f3n de informe de pr\u00e1cticas pre-profesionales de la estudiante Fanny Yaneth Quispe Condori.<\/a><br>3. <a href=\"https:\/\/drive.google.com\/file\/d\/1qz3Ml-kgfYVIJRj3xgT1q4ULioqRqg7R\/view?usp=sharing\">Aprobaci\u00f3n de la solicitud de reserva de matr\u00edcula 2024-I del estudiante Erik Junior Garc\u00eda Mita.<\/a><br>4. <a href=\"https:\/\/drive.google.com\/file\/d\/14ZrMkTSR9veoY-BjCyXictI38AljCr0N\/view?usp=sharing\">Renuncia de la estudiante Nely Godoy Rodriguez a continuar sus estudios en la Escuela Profesional de Administraci\u00f3n.<\/a><br>5. Resoluciones de Felicitaciones por trabajos de comisiones.<\/td><\/tr><\/tbody><\/table><\/figure>\n\n\n\n<p class=\"has-ast-global-color-4-background-color has-background\"><sub><strong>Los enlaces tienen un funcionamiento sin inconvenientes con el uso del correo institucional de la UNAP.<\/strong><\/sub><\/p>\n\n\n\n<p><\/p>\n\n\n\n<p><\/p>\n","protected":false},"excerpt":{"rendered":"<p>Citaci\u00f3n Orden del D\u00eda: 1. Aprobaci\u00f3n del t\u00edtulo por sustentaci\u00f3n de tesis de la estudiante Mamani Bellido Lourdes Soledad.2. Aprobaci\u00f3n [&hellip;]<\/p>\n","protected":false},"author":1,"featured_media":0,"parent":0,"menu_order":0,"comment_status":"closed","ping_status":"closed","template":"","meta":{"site-sidebar-layout":"default","site-content-layout":"","ast-site-content-layout":"","site-content-style":"default","site-sidebar-style":"default","ast-global-header-display":"","ast-banner-title-visibility":"","ast-main-header-display":"","ast-hfb-above-header-display":"","ast-hfb-below-header-display":"","ast-hfb-mobile-header-display":"","site-post-title":"","ast-breadcrumbs-content":"","ast-featured-img":"","footer-sml-layout":"","theme-transparent-header-meta":"","adv-header-id-meta":"","stick-header-meta":"","header-above-stick-meta":"","header-main-stick-meta":"","header-below-stick-meta":"","astra-migrate-meta-layouts":"default","ast-page-background-enabled":"default","ast-page-background-meta":{"desktop":{"background-color":"var(--ast-global-color-4)","background-image":"","background-repeat":"repeat","background-position":"center center","background-size":"auto","background-attachment":"scroll","background-type":"","background-media":"","overlay-type":"","overlay-color":"","overlay-opacity":"","overlay-gradient":""},"tablet":{"background-color":"","background-image":"","background-repeat":"repeat","background-position":"center center","background-size":"auto","background-attachment":"scroll","background-type":"","background-media":"","overlay-type":"","overlay-color":"","overlay-opacity":"","overlay-gradient":""},"mobile":{"background-color":"","background-image":"","background-repeat":"repeat","background-position":"center center","background-size":"auto","background-attachment":"scroll","background-type":"","background-media":"","overlay-type":"","overlay-color":"","overlay-opacity":"","overlay-gradient":""}},"ast-content-background-meta":{"desktop":{"background-color":"var(--ast-global-color-5)","background-image":"","background-repeat":"repeat","background-position":"center center","background-size":"auto","background-attachment":"scroll","background-type":"","background-media":"","overlay-type":"","overlay-color":"","overlay-opacity":"","overlay-gradient":""},"tablet":{"background-color":"var(--ast-global-color-5)","background-image":"","background-repeat":"repeat","background-position":"center center","background-size":"auto","background-attachment":"scroll","background-type":"","background-media":"","overlay-type":"","overlay-color":"","overlay-opacity":"","overlay-gradient":""},"mobile":{"background-color":"var(--ast-global-color-5)","background-image":"","background-repeat":"repeat","background-position":"center center","background-size":"auto","background-attachment":"scroll","background-type":"","background-media":"","overlay-type":"","overlay-color":"","overlay-opacity":"","overlay-gradient":""}},"_joinchat":[],"footnotes":""},"class_list":["post-54","page","type-page","status-publish","hentry"],"_links":{"self":[{"href":"https:\/\/fcah.info\/cf\/wp-json\/wp\/v2\/pages\/54","targetHints":{"allow":["GET"]}}],"collection":[{"href":"https:\/\/fcah.info\/cf\/wp-json\/wp\/v2\/pages"}],"about":[{"href":"https:\/\/fcah.info\/cf\/wp-json\/wp\/v2\/types\/page"}],"author":[{"embeddable":true,"href":"https:\/\/fcah.info\/cf\/wp-json\/wp\/v2\/users\/1"}],"replies":[{"embeddable":true,"href":"https:\/\/fcah.info\/cf\/wp-json\/wp\/v2\/comments?post=54"}],"version-history":[{"count":1,"href":"https:\/\/fcah.info\/cf\/wp-json\/wp\/v2\/pages\/54\/revisions"}],"predecessor-version":[{"id":55,"href":"https:\/\/fcah.info\/cf\/wp-json\/wp\/v2\/pages\/54\/revisions\/55"}],"wp:attachment":[{"href":"https:\/\/fcah.info\/cf\/wp-json\/wp\/v2\/media?parent=54"}],"curies":[{"name":"wp","href":"https:\/\/api.w.org\/{rel}","templated":true}]}}