{"id":48,"date":"2024-07-18T02:40:27","date_gmt":"2024-07-18T02:40:27","guid":{"rendered":"https:\/\/fcah.info\/cf\/?page_id=48"},"modified":"2024-07-18T02:40:27","modified_gmt":"2024-07-18T02:40:27","slug":"sesion-de-consejo-extraordinario-del-16-de-julio-del-2024","status":"publish","type":"page","link":"https:\/\/fcah.info\/cf\/sesion-de-consejo-extraordinario-del-16-de-julio-del-2024\/","title":{"rendered":"Sesi\u00f3n de Consejo Extraordinario del 16 de julio del 2024"},"content":{"rendered":"\n<figure class=\"wp-block-table is-style-stripes\"><table class=\"has-fixed-layout\"><tbody><tr><td><a href=\"https:\/\/drive.google.com\/file\/d\/1Kj6AjRyfgZ0vp7ld_KVooj7mzyIV3At4\/view?usp=sharing\"><strong>Citaci\u00f3n<\/strong><\/a><\/td><\/tr><tr><td><strong>Orden del D\u00eda:<\/strong><br><em>1.- <a href=\"https:\/\/drive.google.com\/file\/d\/1QooHU3x6LHp2_OzaUj08fCdasRuLwqf2\/view?usp=drive_link\">Aprobaci\u00f3n de la Actualizaci\u00f3n del Curr\u00edculo Flexible por Competencias 2015-2019 VERSI\u00d3N 4.0<\/a><\/em><br><em>2.- Emisi\u00f3n de Resoluci\u00f3n Decanal para subsanar observaci\u00f3n de Vicerrectorado<\/em> <em>Acad\u00e9mico a la carga acad\u00e9mica 2024-I<\/em><br><em>      <a href=\"https:\/\/drive.google.com\/file\/d\/1A7A53ufXc6hHt_WjOgTRUefcpMMPOJWT\/view?usp=sharing\">Archivo 01<\/a><\/em><br>      <em><a href=\"https:\/\/drive.google.com\/file\/d\/1td5gOSTcYjL4_kADi17kfd7x4dJ6bEdx\/view?usp=sharing\">Archivo 02<\/a><\/em><br><em>3.- <a href=\"https:\/\/drive.google.com\/file\/d\/12X-1RSHRlVqEBJk0Dp29JVqljmqNXS6o\/view?usp=drive_link\">Rectificaci\u00f3n de Resoluci\u00f3n Decanal N\u00b0 104-2024-D-UNA<\/a><\/em><br><em>4.- <\/em><a href=\"https:\/\/drive.google.com\/file\/d\/1cmrsQ5iC-OQyYKK-0xJG3AFnQC7-pejk\/view?usp=drive_link\"><em>Emisi\u00f3n de Resoluci\u00f3n de recepci\u00f3n y felicitaci\u00f3n por donaci\u00f3n de libros para la facultad<\/em>.<\/a><br><em>5.- <a href=\"https:\/\/drive.google.com\/file\/d\/1Zr7iIRO367l4FIYjzeGKYfprcGtAyj3a\/view?usp=drive_link\">Emisi\u00f3n de Resoluci\u00f3n por actividad de capacitaci\u00f3n \u201cUso y Manejo de Biblioteca<\/a><\/em><br><em>6.- <a href=\"https:\/\/drive.google.com\/file\/d\/1pRzMqhOvfVMayjkIGLkvgjSxswU0p8TG\/view?usp=drive_link\">Emisi\u00f3n de Resoluci\u00f3n \u201cJornada de Limpieza y Conservaci\u00f3n del Bosque Universitario.<\/a><\/em><\/td><\/tr><\/tbody><\/table><\/figure>\n\n\n\n<p class=\"has-ast-global-color-4-background-color has-background\"><sub><strong>Los enlaces tienen un funcionamiento sin inconvenientes con el uso del correo institucional de la UNAP.<\/strong><\/sub><\/p>\n\n\n\n<p><\/p>\n\n\n\n<p><\/p>\n","protected":false},"excerpt":{"rendered":"<p>Citaci\u00f3n Orden del D\u00eda:1.- Aprobaci\u00f3n de la Actualizaci\u00f3n del Curr\u00edculo Flexible por Competencias 2015-2019 VERSI\u00d3N 4.02.- Emisi\u00f3n de Resoluci\u00f3n Decanal [&hellip;]<\/p>\n","protected":false},"author":1,"featured_media":0,"parent":0,"menu_order":0,"comment_status":"closed","ping_status":"closed","template":"","meta":{"site-sidebar-layout":"default","site-content-layout":"","ast-site-content-layout":"","site-content-style":"default","site-sidebar-style":"default","ast-global-header-display":"","ast-banner-title-visibility":"","ast-main-header-display":"","ast-hfb-above-header-display":"","ast-hfb-below-header-display":"","ast-hfb-mobile-header-display":"","site-post-title":"","ast-breadcrumbs-content":"","ast-featured-img":"","footer-sml-layout":"","theme-transparent-header-meta":"","adv-header-id-meta":"","stick-header-meta":"","header-above-stick-meta":"","header-main-stick-meta":"","header-below-stick-meta":"","astra-migrate-meta-layouts":"default","ast-page-background-enabled":"default","ast-page-background-meta":{"desktop":{"background-color":"var(--ast-global-color-4)","background-image":"","background-repeat":"repeat","background-position":"center center","background-size":"auto","background-attachment":"scroll","background-type":"","background-media":"","overlay-type":"","overlay-color":"","overlay-opacity":"","overlay-gradient":""},"tablet":{"background-color":"","background-image":"","background-repeat":"repeat","background-position":"center center","background-size":"auto","background-attachment":"scroll","background-type":"","background-media":"","overlay-type":"","overlay-color":"","overlay-opacity":"","overlay-gradient":""},"mobile":{"background-color":"","background-image":"","background-repeat":"repeat","background-position":"center center","background-size":"auto","background-attachment":"scroll","background-type":"","background-media":"","overlay-type":"","overlay-color":"","overlay-opacity":"","overlay-gradient":""}},"ast-content-background-meta":{"desktop":{"background-color":"var(--ast-global-color-5)","background-image":"","background-repeat":"repeat","background-position":"center center","background-size":"auto","background-attachment":"scroll","background-type":"","background-media":"","overlay-type":"","overlay-color":"","overlay-opacity":"","overlay-gradient":""},"tablet":{"background-color":"var(--ast-global-color-5)","background-image":"","background-repeat":"repeat","background-position":"center center","background-size":"auto","background-attachment":"scroll","background-type":"","background-media":"","overlay-type":"","overlay-color":"","overlay-opacity":"","overlay-gradient":""},"mobile":{"background-color":"var(--ast-global-color-5)","background-image":"","background-repeat":"repeat","background-position":"center center","background-size":"auto","background-attachment":"scroll","background-type":"","background-media":"","overlay-type":"","overlay-color":"","overlay-opacity":"","overlay-gradient":""}},"_joinchat":[],"footnotes":""},"class_list":["post-48","page","type-page","status-publish","hentry"],"_links":{"self":[{"href":"https:\/\/fcah.info\/cf\/wp-json\/wp\/v2\/pages\/48","targetHints":{"allow":["GET"]}}],"collection":[{"href":"https:\/\/fcah.info\/cf\/wp-json\/wp\/v2\/pages"}],"about":[{"href":"https:\/\/fcah.info\/cf\/wp-json\/wp\/v2\/types\/page"}],"author":[{"embeddable":true,"href":"https:\/\/fcah.info\/cf\/wp-json\/wp\/v2\/users\/1"}],"replies":[{"embeddable":true,"href":"https:\/\/fcah.info\/cf\/wp-json\/wp\/v2\/comments?post=48"}],"version-history":[{"count":1,"href":"https:\/\/fcah.info\/cf\/wp-json\/wp\/v2\/pages\/48\/revisions"}],"predecessor-version":[{"id":49,"href":"https:\/\/fcah.info\/cf\/wp-json\/wp\/v2\/pages\/48\/revisions\/49"}],"wp:attachment":[{"href":"https:\/\/fcah.info\/cf\/wp-json\/wp\/v2\/media?parent=48"}],"curies":[{"name":"wp","href":"https:\/\/api.w.org\/{rel}","templated":true}]}}