{"id":256,"date":"2025-09-01T13:09:16","date_gmt":"2025-09-01T13:09:16","guid":{"rendered":"https:\/\/fcah.info\/cf\/?page_id=256"},"modified":"2025-09-01T13:09:16","modified_gmt":"2025-09-01T13:09:16","slug":"sesion-de-consejo-ordinario-del-01-de-setiembre-del-2025","status":"publish","type":"page","link":"https:\/\/fcah.info\/cf\/sesion-de-consejo-ordinario-del-01-de-setiembre-del-2025\/","title":{"rendered":"Sesi\u00f3n de Consejo Ordinario del 01 de setiembre del 2025"},"content":{"rendered":"\n<figure class=\"wp-block-table is-style-stripes\"><table class=\"has-background has-fixed-layout\" style=\"background-color:#ffffdf\"><tbody><tr><td><strong><a href=\"https:\/\/drive.google.com\/file\/d\/19jcjbidah9HIbx36gGrvBKz7QZhxi5st\/view?usp=sharing\">Citaci\u00f3n<\/a><\/strong><\/td><\/tr><tr><td><strong>Orden del D\u00eda:<\/strong><br><br>1.- <a href=\"https:\/\/drive.google.com\/file\/d\/1QVKI-PkZbyxuTORB-QmFP0SNjnYHAXOj\/view?usp=sharing\">Aprobaci\u00f3n de Grados y t\u00edtulos.<\/a>\u00a0<br>2.- <a href=\"https:\/\/drive.google.com\/file\/d\/1zzQVNHiIo6_dWBW7DGomeK5GrnRVmldB\/view?usp=sharing\">Aprobaci\u00f3n del tr\u00e1mite de reserva de matr\u00edcula del semestre acad\u00e9mico 2025-II, seg\u00fan\u00a0 solicitud del estudiante Huarsaya Hilaquijhua Jhon Maycol.<\/a><br>3.- <a href=\"https:\/\/drive.google.com\/file\/d\/1BLAPwB_a7_-bv7IrpK9f5VgV3HyVYyia\/view?usp=sharing\">Aprobaci\u00f3n del tr\u00e1mite de reserva de matr\u00edcula del semestre acad\u00e9mico 2025-II, seg\u00fan\u00a0 solicitud del estudiante Marona Zenteno Melany Nayely<\/a>\u00a0<br>4.- <a href=\"https:\/\/drive.google.com\/file\/d\/1f9ouglYBEaYuBnKhzMYehz6W7OB2NebE\/view?usp=sharing\">Aprobaci\u00f3n del tr\u00e1mite de reserva de matr\u00edcula del semestre acad\u00e9mico 2025-II, seg\u00fan\u00a0 solicitud del estudiante Yucra Tuero Luis Roberto<\/a><br>5.- <a href=\"https:\/\/drive.google.com\/file\/d\/1fsTM20Tbl7MQXWAa6YgAG9F7dyldAuHH\/view?usp=sharing\">Aprobar el Reconocimiento del Cuerpo Colegiado del Programa de Estudios de Administraci\u00f3n de la Facultad de Ciencias Administrativas y Humanas de la Universidad Nacional del Altiplano \u2013 Puno seg\u00fan Oficio Nro. 119-2025-D-EPA-FCAH-UNA-PUNO.<\/a><br>6.- <a href=\"https:\/\/drive.google.com\/file\/d\/1ysP5xa_hIQ6H5w2zm22ksVSb9mfn_7XS\/view?usp=sharing\">Aprobaci\u00f3n de numero de vacantes y tasas educativas para el proceso de admisi\u00f3n 2026, de la Maestr\u00eda en Administraci\u00f3n: Menci\u00f3n Administraci\u00f3n de Negocios, seg\u00fan Oficio N\u00b0003-2025-DUP-FCAH-UNA-PUNO.<\/a><br><a href=\"https:\/\/drive.google.com\/file\/d\/1Us67FHBiDaoaqUz06Q8Nn6fqivfRLqNb\/view?usp=sharing\"><br><\/a><\/td><\/tr><\/tbody><\/table><\/figure>\n\n\n\n<p class=\"has-ast-global-color-4-background-color has-background\"><sub><strong>Los enlaces tienen un funcionamiento sin inconvenientes con el uso del correo institucional de la UNAP.<\/strong><\/sub><\/p>\n\n\n\n<p><\/p>\n\n\n\n<p><\/p>\n","protected":false},"excerpt":{"rendered":"<p>Citaci\u00f3n Orden del D\u00eda: 1.- Aprobaci\u00f3n de Grados y t\u00edtulos.\u00a02.- Aprobaci\u00f3n del tr\u00e1mite de reserva de matr\u00edcula del semestre acad\u00e9mico [&hellip;]<\/p>\n","protected":false},"author":1,"featured_media":0,"parent":0,"menu_order":0,"comment_status":"closed","ping_status":"closed","template":"","meta":{"site-sidebar-layout":"default","site-content-layout":"","ast-site-content-layout":"","site-content-style":"default","site-sidebar-style":"default","ast-global-header-display":"","ast-banner-title-visibility":"","ast-main-header-display":"","ast-hfb-above-header-display":"","ast-hfb-below-header-display":"","ast-hfb-mobile-header-display":"","site-post-title":"","ast-breadcrumbs-content":"","ast-featured-img":"","footer-sml-layout":"","theme-transparent-header-meta":"","adv-header-id-meta":"","stick-header-meta":"","header-above-stick-meta":"","header-main-stick-meta":"","header-below-stick-meta":"","astra-migrate-meta-layouts":"default","ast-page-background-enabled":"default","ast-page-background-meta":{"desktop":{"background-color":"var(--ast-global-color-4)","background-image":"","background-repeat":"repeat","background-position":"center center","background-size":"auto","background-attachment":"scroll","background-type":"","background-media":"","overlay-type":"","overlay-color":"","overlay-opacity":"","overlay-gradient":""},"tablet":{"background-color":"","background-image":"","background-repeat":"repeat","background-position":"center center","background-size":"auto","background-attachment":"scroll","background-type":"","background-media":"","overlay-type":"","overlay-color":"","overlay-opacity":"","overlay-gradient":""},"mobile":{"background-color":"","background-image":"","background-repeat":"repeat","background-position":"center center","background-size":"auto","background-attachment":"scroll","background-type":"","background-media":"","overlay-type":"","overlay-color":"","overlay-opacity":"","overlay-gradient":""}},"ast-content-background-meta":{"desktop":{"background-color":"var(--ast-global-color-5)","background-image":"","background-repeat":"repeat","background-position":"center center","background-size":"auto","background-attachment":"scroll","background-type":"","background-media":"","overlay-type":"","overlay-color":"","overlay-opacity":"","overlay-gradient":""},"tablet":{"background-color":"var(--ast-global-color-5)","background-image":"","background-repeat":"repeat","background-position":"center center","background-size":"auto","background-attachment":"scroll","background-type":"","background-media":"","overlay-type":"","overlay-color":"","overlay-opacity":"","overlay-gradient":""},"mobile":{"background-color":"var(--ast-global-color-5)","background-image":"","background-repeat":"repeat","background-position":"center center","background-size":"auto","background-attachment":"scroll","background-type":"","background-media":"","overlay-type":"","overlay-color":"","overlay-opacity":"","overlay-gradient":""}},"_joinchat":[],"footnotes":""},"class_list":["post-256","page","type-page","status-publish","hentry"],"_links":{"self":[{"href":"https:\/\/fcah.info\/cf\/wp-json\/wp\/v2\/pages\/256","targetHints":{"allow":["GET"]}}],"collection":[{"href":"https:\/\/fcah.info\/cf\/wp-json\/wp\/v2\/pages"}],"about":[{"href":"https:\/\/fcah.info\/cf\/wp-json\/wp\/v2\/types\/page"}],"author":[{"embeddable":true,"href":"https:\/\/fcah.info\/cf\/wp-json\/wp\/v2\/users\/1"}],"replies":[{"embeddable":true,"href":"https:\/\/fcah.info\/cf\/wp-json\/wp\/v2\/comments?post=256"}],"version-history":[{"count":1,"href":"https:\/\/fcah.info\/cf\/wp-json\/wp\/v2\/pages\/256\/revisions"}],"predecessor-version":[{"id":257,"href":"https:\/\/fcah.info\/cf\/wp-json\/wp\/v2\/pages\/256\/revisions\/257"}],"wp:attachment":[{"href":"https:\/\/fcah.info\/cf\/wp-json\/wp\/v2\/media?parent=256"}],"curies":[{"name":"wp","href":"https:\/\/api.w.org\/{rel}","templated":true}]}}