{"id":197,"date":"2025-04-14T15:33:25","date_gmt":"2025-04-14T15:33:25","guid":{"rendered":"https:\/\/fcah.info\/cf\/?page_id=197"},"modified":"2025-04-14T15:33:25","modified_gmt":"2025-04-14T15:33:25","slug":"sesion-de-consejo-extraordinario-del-14-de-abril-del-2025","status":"publish","type":"page","link":"https:\/\/fcah.info\/cf\/sesion-de-consejo-extraordinario-del-14-de-abril-del-2025\/","title":{"rendered":"Sesi\u00f3n de Consejo Extraordinario del 14 de Abril del 2025"},"content":{"rendered":"\n<figure class=\"wp-block-table is-style-stripes\"><table class=\"has-fixed-layout\"><tbody><tr><td><strong><a href=\"https:\/\/drive.google.com\/file\/d\/1YaQb4Q92uTQWeVLz-GTS9-Z1ko2vZMr5\/view?usp=sharing\">Citaci\u00f3n<\/a><\/strong><\/td><\/tr><tr><td><strong>Orden del D\u00eda:<\/strong><br><br>1.- <a href=\"https:\/\/drive.google.com\/file\/d\/14D7nDbYz-XRwKeiD8FN7EAhNUUT8kQHr\/view?usp=sharing\">Aprobaci\u00f3n de reserva de matr\u00edcula seg\u00fan solicitud del estudiante Hualpa Jimenez Dhamar Nahomy, seg\u00fan informe Nro.0026-2025-CA-EPA-FCAH-UNA<\/a><a href=\"https:\/\/drive.google.com\/file\/d\/1Kt3Ijiytk9JmHBqP_HNUSeEQtugaUlIf\/view?usp=sharing\">.<\/a><br>2.- <a href=\"https:\/\/drive.google.com\/file\/d\/16FvCYn6h8Hfjw1QI0PU1oupiqB8We5b7\/view?usp=sharing\">Aprobaci\u00f3n de reserva de matr\u00edcula seg\u00fan solicitud del estudiante Flores Chai\u00f1a Angel Emerson, seg\u00fan informe Nro.0029-2025-CA-EPA-FCAH-UNA<\/a><a href=\"https:\/\/drive.google.com\/file\/d\/1nY1c8yN7aO5MdPFKUONKX7118OWvENmh\/view?usp=sharing\">.<\/a><br>3.-\u00a0 <a href=\"https:\/\/drive.google.com\/file\/d\/1yl9H7FFLNg_hfk6mScJ3hgDaJdHaQ6K_\/view?usp=sharing\">Aprobaci\u00f3n del acuerdo final de la comisi\u00f3n sobre el tr\u00e1mite de grado de bachillerato autom\u00e1tico. Seg\u00fan Oficio N\u00b0 045-2025-D-EPA-FCAH-UNA-PUNO<\/a><br>4.- <a href=\"https:\/\/drive.google.com\/file\/d\/1_NN-8r81Qi7Ms6V8uEEdGE7IWFxH2N3N\/view?usp=sharing\">Aprobaci\u00f3n del proyecto de creaci\u00f3n del programa de estudios de Gesti\u00f3n P\u00fablica seg\u00fan carta de la comisi\u00f3n de fecha 11 de abril del 2025.<\/a><br>5.- <a href=\"https:\/\/drive.google.com\/file\/d\/1a9UCDxRQz_pcgIW8VfCxxxYSlo6AQQYG\/view?usp=sharing\">Propuesta de plazas de contrato de docentes en la Universidad Nacional del Altiplano Puno, en plazas disponibles, para el semestre acad\u00e9mico 2025-I seg\u00fan Resoluci\u00f3n Rectoral N\u00b0 0951-2025-UNA,\u00a0 Resoluci\u00f3n Rectoral N\u00b0 0750-2025-R-UNA y Oficio Nro 197-2025-VRI-UNA-PUNO.<\/a><br><br><br><br><br><span id=\"docs-internal-guid-297f3849-7fff-db7e-d5f3-0f367e50c15f\"><div><span style=\"font-size: 12pt; font-family: Arial, sans-serif; color: rgb(0, 0, 0); background-color: transparent; font-variant-numeric: normal; font-variant-east-asian: normal; font-variant-alternates: normal; font-variant-position: normal; vertical-align: baseline;\"><\/span><span style=\"font-size: 12pt; font-family: Arial, sans-serif; color: rgb(0, 0, 0); background-color: transparent; font-variant-numeric: normal; font-variant-east-asian: normal; font-variant-alternates: normal; font-variant-position: normal; vertical-align: baseline;\"><\/span><\/div><\/span><\/td><\/tr><\/tbody><\/table><\/figure>\n\n\n\n<p class=\"has-ast-global-color-4-background-color has-background\"><sub><strong>Los enlaces tienen un funcionamiento sin inconvenientes con el uso del correo institucional de la UNAP.<\/strong><\/sub><\/p>\n\n\n\n<p><\/p>\n\n\n\n<p><\/p>\n","protected":false},"excerpt":{"rendered":"<p>Citaci\u00f3n Orden del D\u00eda: 1.- Aprobaci\u00f3n de reserva de matr\u00edcula seg\u00fan solicitud del estudiante Hualpa Jimenez Dhamar Nahomy, seg\u00fan informe [&hellip;]<\/p>\n","protected":false},"author":1,"featured_media":0,"parent":0,"menu_order":0,"comment_status":"closed","ping_status":"closed","template":"","meta":{"site-sidebar-layout":"default","site-content-layout":"","ast-site-content-layout":"","site-content-style":"default","site-sidebar-style":"default","ast-global-header-display":"","ast-banner-title-visibility":"","ast-main-header-display":"","ast-hfb-above-header-display":"","ast-hfb-below-header-display":"","ast-hfb-mobile-header-display":"","site-post-title":"","ast-breadcrumbs-content":"","ast-featured-img":"","footer-sml-layout":"","theme-transparent-header-meta":"","adv-header-id-meta":"","stick-header-meta":"","header-above-stick-meta":"","header-main-stick-meta":"","header-below-stick-meta":"","astra-migrate-meta-layouts":"default","ast-page-background-enabled":"default","ast-page-background-meta":{"desktop":{"background-color":"var(--ast-global-color-4)","background-image":"","background-repeat":"repeat","background-position":"center center","background-size":"auto","background-attachment":"scroll","background-type":"","background-media":"","overlay-type":"","overlay-color":"","overlay-opacity":"","overlay-gradient":""},"tablet":{"background-color":"","background-image":"","background-repeat":"repeat","background-position":"center center","background-size":"auto","background-attachment":"scroll","background-type":"","background-media":"","overlay-type":"","overlay-color":"","overlay-opacity":"","overlay-gradient":""},"mobile":{"background-color":"","background-image":"","background-repeat":"repeat","background-position":"center center","background-size":"auto","background-attachment":"scroll","background-type":"","background-media":"","overlay-type":"","overlay-color":"","overlay-opacity":"","overlay-gradient":""}},"ast-content-background-meta":{"desktop":{"background-color":"var(--ast-global-color-5)","background-image":"","background-repeat":"repeat","background-position":"center center","background-size":"auto","background-attachment":"scroll","background-type":"","background-media":"","overlay-type":"","overlay-color":"","overlay-opacity":"","overlay-gradient":""},"tablet":{"background-color":"var(--ast-global-color-5)","background-image":"","background-repeat":"repeat","background-position":"center center","background-size":"auto","background-attachment":"scroll","background-type":"","background-media":"","overlay-type":"","overlay-color":"","overlay-opacity":"","overlay-gradient":""},"mobile":{"background-color":"var(--ast-global-color-5)","background-image":"","background-repeat":"repeat","background-position":"center center","background-size":"auto","background-attachment":"scroll","background-type":"","background-media":"","overlay-type":"","overlay-color":"","overlay-opacity":"","overlay-gradient":""}},"_joinchat":[],"footnotes":""},"class_list":["post-197","page","type-page","status-publish","hentry"],"_links":{"self":[{"href":"https:\/\/fcah.info\/cf\/wp-json\/wp\/v2\/pages\/197","targetHints":{"allow":["GET"]}}],"collection":[{"href":"https:\/\/fcah.info\/cf\/wp-json\/wp\/v2\/pages"}],"about":[{"href":"https:\/\/fcah.info\/cf\/wp-json\/wp\/v2\/types\/page"}],"author":[{"embeddable":true,"href":"https:\/\/fcah.info\/cf\/wp-json\/wp\/v2\/users\/1"}],"replies":[{"embeddable":true,"href":"https:\/\/fcah.info\/cf\/wp-json\/wp\/v2\/comments?post=197"}],"version-history":[{"count":1,"href":"https:\/\/fcah.info\/cf\/wp-json\/wp\/v2\/pages\/197\/revisions"}],"predecessor-version":[{"id":198,"href":"https:\/\/fcah.info\/cf\/wp-json\/wp\/v2\/pages\/197\/revisions\/198"}],"wp:attachment":[{"href":"https:\/\/fcah.info\/cf\/wp-json\/wp\/v2\/media?parent=197"}],"curies":[{"name":"wp","href":"https:\/\/api.w.org\/{rel}","templated":true}]}}