{"id":190,"date":"2025-04-10T18:07:40","date_gmt":"2025-04-10T18:07:40","guid":{"rendered":"https:\/\/fcah.info\/cf\/?page_id=190"},"modified":"2025-07-11T13:24:35","modified_gmt":"2025-07-11T13:24:35","slug":"sesion-de-consejo-extraordinario-del-11-de-abril-del-2025","status":"publish","type":"page","link":"https:\/\/fcah.info\/cf\/sesion-de-consejo-extraordinario-del-11-de-abril-del-2025\/","title":{"rendered":"Sesi\u00f3n de Consejo Extraordinario del 11 de Abril del 2025"},"content":{"rendered":"\n<figure class=\"wp-block-table is-style-stripes\"><table class=\"has-fixed-layout\"><tbody><tr><td><strong><a href=\"https:\/\/drive.google.com\/file\/d\/1dv6j3eGcSLLt_5hS9StKH4KsBgyu9PBv\/view?usp=sharing\">Citaci\u00f3n<\/a><\/strong><\/td><\/tr><tr><td><strong>Orden del D\u00eda:<\/strong><br><br>1.- <a href=\"https:\/\/drive.google.com\/file\/d\/1Kt3Ijiytk9JmHBqP_HNUSeEQtugaUlIf\/view?usp=sharing\">Aprobaci\u00f3n de reserva de matr\u00edcula seg\u00fan solicitud del estudiante Hualpa Jimenez Dhamar Nahomy, seg\u00fan informe Nro.0026-2025-CA-EPA-FCAH-UNA.<\/a><br>2.- <a href=\"https:\/\/drive.google.com\/file\/d\/1nY1c8yN7aO5MdPFKUONKX7118OWvENmh\/view?usp=sharing\">Aprobaci\u00f3n de reserva de matr\u00edcula seg\u00fan solicitud del estudiante Flores Chai\u00f1a Angel Emerson, seg\u00fan informe Nro.0029-2025-CA-EPA-FCAH-UNA.<\/a><br>3.- <a href=\"https:\/\/drive.google.com\/file\/d\/1n5d1uRiGZJciXklS1VnVt_1rrLGqhLTD\/view?usp=sharing\">Aprobaci\u00f3n de licencia por capacitaci\u00f3n y bolsa de viaje del docente M. Sc. Jitler Colque Ramos, para participar en el \u201cCurso de capacitaci\u00f3n en Gesti\u00f3n P\u00fablica y Gobernanza\u201d seg\u00fan solicitud.<\/a><br>4.- <a href=\"https:\/\/drive.google.com\/file\/d\/1PYOvOqxW7G824MvzB5J0ANSuDFBFgIqQ\/view?usp=sharing\">Aprobaci\u00f3n de licencia por capacitaci\u00f3n y bolsa de viaje del docente Dr. Roger Fern\u00e1ndez Burgos, para participar en el \u201cCurso de capacitaci\u00f3n en Gesti\u00f3n P\u00fablica y Gobernanza\u201d seg\u00fan solicitud.<\/a><br>5.-<a href=\"https:\/\/drive.google.com\/file\/d\/1i9YE_c4a5qPCyUzYgZ7UfsOng14bQLP7\/view?usp=sharing\"> Aprobaci\u00f3n de licencia por capacitaci\u00f3n y bolsa de viaje del docente Dr. Alejandro Ticona Machaca, para participar en el \u201cCurso de capacitaci\u00f3n en Gesti\u00f3n P\u00fablica y Gobernanza\u201d seg\u00fan solicitud.<\/a><br>6.- <a href=\"https:\/\/drive.google.com\/file\/d\/1I7Rllx_JYHW66SbTYu-uo0d3Q-ZZVnJN\/view?usp=sharing\">Aprobaci\u00f3n de licencia por capacitaci\u00f3n y bolsa de viaje del docente Mg. Jose Asencios Garnica, para participar en el \u201cCurso de capacitaci\u00f3n en Gesti\u00f3n P\u00fablica y Gobernanza\u201d seg\u00fan solicitud<\/a>.<br>7.-&nbsp; <a href=\"https:\/\/drive.google.com\/file\/d\/1szNL7hp7mlOAies8O8OVnX7dm1nCnMhO\/view?usp=sharing\">Aprobaci\u00f3n del acuerdo final de la comisi\u00f3n sobre el tr\u00e1mite de grado de bachillerato autom\u00e1tico. Seg\u00fan Oficio N\u00b0 045-2025-D-EPA-FCAH-UNA-PUNO<\/a><br>8.- <a href=\"https:\/\/drive.google.com\/file\/d\/1RsZkJYoa4kD1jADk9jploGK8Y32UymbZ\/view?usp=sharing\">Adjudicaci\u00f3n de plazas de contrato de docentes en la Universidad Nacional del Altiplano Puno, en plazas disponibles, para el semestre acad\u00e9mico 2025-I seg\u00fan Resoluci\u00f3n Rectoral N\u00b0 0951-2025-UNA, Resoluci\u00f3n Rectoral N\u00b0 0750-2025-R-UNA.<\/a><br><br><br><br><br><br><span id=\"docs-internal-guid-297f3849-7fff-db7e-d5f3-0f367e50c15f\"><div><span style=\"font-size: 12pt; font-family: Arial, sans-serif; color: rgb(0, 0, 0); background-color: transparent; font-variant-numeric: normal; font-variant-east-asian: normal; font-variant-alternates: normal; font-variant-position: normal; vertical-align: baseline;\"><\/span><span style=\"font-size: 12pt; font-family: Arial, sans-serif; color: rgb(0, 0, 0); background-color: transparent; font-variant-numeric: normal; font-variant-east-asian: normal; font-variant-alternates: normal; font-variant-position: normal; vertical-align: baseline;\"><\/span><\/div><\/span><\/td><\/tr><\/tbody><\/table><\/figure>\n\n\n\n<p class=\"has-ast-global-color-4-background-color has-background\"><sub><strong>Los enlaces tienen un funcionamiento sin inconvenientes con el uso del correo institucional de la UNAP.<\/strong><\/sub><\/p>\n\n\n\n<p><\/p>\n\n\n\n<p><\/p>\n","protected":false},"excerpt":{"rendered":"<p>Citaci\u00f3n Orden del D\u00eda: 1.- Aprobaci\u00f3n de reserva de matr\u00edcula seg\u00fan solicitud del estudiante Hualpa Jimenez Dhamar Nahomy, seg\u00fan informe [&hellip;]<\/p>\n","protected":false},"author":1,"featured_media":0,"parent":0,"menu_order":0,"comment_status":"closed","ping_status":"closed","template":"","meta":{"site-sidebar-layout":"default","site-content-layout":"","ast-site-content-layout":"","site-content-style":"default","site-sidebar-style":"default","ast-global-header-display":"","ast-banner-title-visibility":"","ast-main-header-display":"","ast-hfb-above-header-display":"","ast-hfb-below-header-display":"","ast-hfb-mobile-header-display":"","site-post-title":"","ast-breadcrumbs-content":"","ast-featured-img":"","footer-sml-layout":"","theme-transparent-header-meta":"","adv-header-id-meta":"","stick-header-meta":"","header-above-stick-meta":"","header-main-stick-meta":"","header-below-stick-meta":"","astra-migrate-meta-layouts":"default","ast-page-background-enabled":"default","ast-page-background-meta":{"desktop":{"background-color":"var(--ast-global-color-4)","background-image":"","background-repeat":"repeat","background-position":"center center","background-size":"auto","background-attachment":"scroll","background-type":"","background-media":"","overlay-type":"","overlay-color":"","overlay-opacity":"","overlay-gradient":""},"tablet":{"background-color":"","background-image":"","background-repeat":"repeat","background-position":"center center","background-size":"auto","background-attachment":"scroll","background-type":"","background-media":"","overlay-type":"","overlay-color":"","overlay-opacity":"","overlay-gradient":""},"mobile":{"background-color":"","background-image":"","background-repeat":"repeat","background-position":"center center","background-size":"auto","background-attachment":"scroll","background-type":"","background-media":"","overlay-type":"","overlay-color":"","overlay-opacity":"","overlay-gradient":""}},"ast-content-background-meta":{"desktop":{"background-color":"var(--ast-global-color-5)","background-image":"","background-repeat":"repeat","background-position":"center center","background-size":"auto","background-attachment":"scroll","background-type":"","background-media":"","overlay-type":"","overlay-color":"","overlay-opacity":"","overlay-gradient":""},"tablet":{"background-color":"var(--ast-global-color-5)","background-image":"","background-repeat":"repeat","background-position":"center center","background-size":"auto","background-attachment":"scroll","background-type":"","background-media":"","overlay-type":"","overlay-color":"","overlay-opacity":"","overlay-gradient":""},"mobile":{"background-color":"var(--ast-global-color-5)","background-image":"","background-repeat":"repeat","background-position":"center center","background-size":"auto","background-attachment":"scroll","background-type":"","background-media":"","overlay-type":"","overlay-color":"","overlay-opacity":"","overlay-gradient":""}},"_joinchat":[],"footnotes":""},"class_list":["post-190","page","type-page","status-publish","hentry"],"_links":{"self":[{"href":"https:\/\/fcah.info\/cf\/wp-json\/wp\/v2\/pages\/190","targetHints":{"allow":["GET"]}}],"collection":[{"href":"https:\/\/fcah.info\/cf\/wp-json\/wp\/v2\/pages"}],"about":[{"href":"https:\/\/fcah.info\/cf\/wp-json\/wp\/v2\/types\/page"}],"author":[{"embeddable":true,"href":"https:\/\/fcah.info\/cf\/wp-json\/wp\/v2\/users\/1"}],"replies":[{"embeddable":true,"href":"https:\/\/fcah.info\/cf\/wp-json\/wp\/v2\/comments?post=190"}],"version-history":[{"count":3,"href":"https:\/\/fcah.info\/cf\/wp-json\/wp\/v2\/pages\/190\/revisions"}],"predecessor-version":[{"id":243,"href":"https:\/\/fcah.info\/cf\/wp-json\/wp\/v2\/pages\/190\/revisions\/243"}],"wp:attachment":[{"href":"https:\/\/fcah.info\/cf\/wp-json\/wp\/v2\/media?parent=190"}],"curies":[{"name":"wp","href":"https:\/\/api.w.org\/{rel}","templated":true}]}}