{"id":180,"date":"2025-03-31T13:22:52","date_gmt":"2025-03-31T13:22:52","guid":{"rendered":"https:\/\/fcah.info\/cf\/?page_id=180"},"modified":"2025-03-31T13:22:52","modified_gmt":"2025-03-31T13:22:52","slug":"sesion-de-consejo-ordinario-del-31-de-marzo-del-2025","status":"publish","type":"page","link":"https:\/\/fcah.info\/cf\/sesion-de-consejo-ordinario-del-31-de-marzo-del-2025\/","title":{"rendered":"Sesi\u00f3n de Consejo Ordinario del 31 de Marzo del 2025"},"content":{"rendered":"\n<figure class=\"wp-block-table is-style-stripes\"><table class=\"has-fixed-layout\"><tbody><tr><td><strong><a href=\"https:\/\/drive.google.com\/file\/d\/18xErk7udG8qEC6cCDrxtkh-98EEI1zU7\/view?usp=sharing\">Citaci\u00f3n<\/a><\/strong><\/td><\/tr><tr><td><strong>Orden del D\u00eda:<\/strong><br>1.- <a href=\"https:\/\/drive.google.com\/file\/d\/1V4Q8hdHaegfuTgL1cENCcUkbDYOL80br\/view?usp=sharing\">Aprobaci\u00f3n de Grados y T\u00edtulos<\/a>\u00a0<br>2.- <a href=\"https:\/\/drive.google.com\/file\/d\/1s9GkCCLhd-GLvhImikL0wSJ5Dru_Rqj1\/view?usp=sharing\">Aprobaci\u00f3n de reserva de matr\u00edcula seg\u00fan solicitud de la estudiante Melany Nayeli Marona Zenteno seg\u00fan informe Nro.0016-2025-CA-EPA-FCAH-UNA<\/a><br>3.- <a href=\"https:\/\/drive.google.com\/file\/d\/1YvJ3gl96FN6RWDH_-IBKSdO3219rjLgl\/view?usp=sharing\">Aprobaci\u00f3n de renuncia al programa Acad\u00e9mico de Administraci\u00f3n del estudiante Jhair Adrian Castro Mayta, seg\u00fan carta notarial.<\/a><br>4.- <a href=\"https:\/\/drive.google.com\/file\/d\/1r8yrrAMQdM6Ek5Xskay7e6WVYubExV2U\/view?usp=sharing\">Aprobaci\u00f3n de convalidaci\u00f3n de cursos en m\u00e9rito al intercambio acad\u00e9mico\u00a0 entre la Universidad Nacional del Altiplano (UNAP) y la Pontificia Universidad Cat\u00f3lica del Per\u00fa (PUCP), seg\u00fan informe N\u00b0 001-2025-CC-EPA-FCAH-UNA PUNO &#8211; Estudiante Luis Alejandro Apaza Nina, Informe N\u00b0002-2025-CC-EPA-FCAH-UNA PUNO \u2013 estudiante Aldo Javier Lluicho Carcausto<\/a>.<br>5.- Aprobaci\u00f3n del acta de ratificaci\u00f3n de docentes de la Universidad Nacional del Altiplano de Puno. \u00a0 Docentes: Dr. Alejandro Ticona Machaca y Dr. Henry Felix Guti\u00e9rrez Castillo, seg\u00fan Resoluci\u00f3n Rectoral\u00a0 Nro. 2641-2024-R-UNA.<br><br><br><br><br><span style=\"font-size: 11pt; font-family: Arial, sans-serif; color: rgb(0, 0, 0); background-color: transparent; font-variant-numeric: normal; font-variant-east-asian: normal; font-variant-alternates: normal; font-variant-position: normal; vertical-align: baseline;\"><\/span><\/td><\/tr><\/tbody><\/table><\/figure>\n\n\n\n<p class=\"has-ast-global-color-4-background-color has-background\"><sub><strong>Los enlaces tienen un funcionamiento sin inconvenientes con el uso del correo institucional de la UNAP.<\/strong><\/sub><\/p>\n\n\n\n<p><\/p>\n\n\n\n<p><\/p>\n","protected":false},"excerpt":{"rendered":"<p>Citaci\u00f3n Orden del D\u00eda:1.- Aprobaci\u00f3n de Grados y T\u00edtulos\u00a02.- Aprobaci\u00f3n de reserva de matr\u00edcula seg\u00fan solicitud de la estudiante Melany [&hellip;]<\/p>\n","protected":false},"author":1,"featured_media":0,"parent":0,"menu_order":0,"comment_status":"closed","ping_status":"closed","template":"","meta":{"site-sidebar-layout":"default","site-content-layout":"","ast-site-content-layout":"","site-content-style":"default","site-sidebar-style":"default","ast-global-header-display":"","ast-banner-title-visibility":"","ast-main-header-display":"","ast-hfb-above-header-display":"","ast-hfb-below-header-display":"","ast-hfb-mobile-header-display":"","site-post-title":"","ast-breadcrumbs-content":"","ast-featured-img":"","footer-sml-layout":"","theme-transparent-header-meta":"","adv-header-id-meta":"","stick-header-meta":"","header-above-stick-meta":"","header-main-stick-meta":"","header-below-stick-meta":"","astra-migrate-meta-layouts":"default","ast-page-background-enabled":"default","ast-page-background-meta":{"desktop":{"background-color":"var(--ast-global-color-4)","background-image":"","background-repeat":"repeat","background-position":"center center","background-size":"auto","background-attachment":"scroll","background-type":"","background-media":"","overlay-type":"","overlay-color":"","overlay-opacity":"","overlay-gradient":""},"tablet":{"background-color":"","background-image":"","background-repeat":"repeat","background-position":"center center","background-size":"auto","background-attachment":"scroll","background-type":"","background-media":"","overlay-type":"","overlay-color":"","overlay-opacity":"","overlay-gradient":""},"mobile":{"background-color":"","background-image":"","background-repeat":"repeat","background-position":"center center","background-size":"auto","background-attachment":"scroll","background-type":"","background-media":"","overlay-type":"","overlay-color":"","overlay-opacity":"","overlay-gradient":""}},"ast-content-background-meta":{"desktop":{"background-color":"var(--ast-global-color-5)","background-image":"","background-repeat":"repeat","background-position":"center center","background-size":"auto","background-attachment":"scroll","background-type":"","background-media":"","overlay-type":"","overlay-color":"","overlay-opacity":"","overlay-gradient":""},"tablet":{"background-color":"var(--ast-global-color-5)","background-image":"","background-repeat":"repeat","background-position":"center center","background-size":"auto","background-attachment":"scroll","background-type":"","background-media":"","overlay-type":"","overlay-color":"","overlay-opacity":"","overlay-gradient":""},"mobile":{"background-color":"var(--ast-global-color-5)","background-image":"","background-repeat":"repeat","background-position":"center center","background-size":"auto","background-attachment":"scroll","background-type":"","background-media":"","overlay-type":"","overlay-color":"","overlay-opacity":"","overlay-gradient":""}},"_joinchat":[],"footnotes":""},"class_list":["post-180","page","type-page","status-publish","hentry"],"_links":{"self":[{"href":"https:\/\/fcah.info\/cf\/wp-json\/wp\/v2\/pages\/180","targetHints":{"allow":["GET"]}}],"collection":[{"href":"https:\/\/fcah.info\/cf\/wp-json\/wp\/v2\/pages"}],"about":[{"href":"https:\/\/fcah.info\/cf\/wp-json\/wp\/v2\/types\/page"}],"author":[{"embeddable":true,"href":"https:\/\/fcah.info\/cf\/wp-json\/wp\/v2\/users\/1"}],"replies":[{"embeddable":true,"href":"https:\/\/fcah.info\/cf\/wp-json\/wp\/v2\/comments?post=180"}],"version-history":[{"count":1,"href":"https:\/\/fcah.info\/cf\/wp-json\/wp\/v2\/pages\/180\/revisions"}],"predecessor-version":[{"id":181,"href":"https:\/\/fcah.info\/cf\/wp-json\/wp\/v2\/pages\/180\/revisions\/181"}],"wp:attachment":[{"href":"https:\/\/fcah.info\/cf\/wp-json\/wp\/v2\/media?parent=180"}],"curies":[{"name":"wp","href":"https:\/\/api.w.org\/{rel}","templated":true}]}}