{"id":175,"date":"2024-12-24T00:51:50","date_gmt":"2024-12-24T00:51:50","guid":{"rendered":"https:\/\/fcah.info\/cf\/?page_id=175"},"modified":"2024-12-24T00:51:50","modified_gmt":"2024-12-24T00:51:50","slug":"sesion-de-consejo-ordinario-del-26-de-diciembre-del-2024","status":"publish","type":"page","link":"https:\/\/fcah.info\/cf\/sesion-de-consejo-ordinario-del-26-de-diciembre-del-2024\/","title":{"rendered":"Sesi\u00f3n de Consejo Ordinario del 26 de Diciembre del 2024"},"content":{"rendered":"\n<figure class=\"wp-block-table is-style-stripes\"><table class=\"has-fixed-layout\"><tbody><tr><td><strong><a href=\"https:\/\/drive.google.com\/file\/d\/1BxWosyvDUq-IGRx_KnrjGCs3v7jybK5Q\/view?usp=sharing\">Citaci\u00f3n<\/a><\/strong><\/td><\/tr><tr><td><strong>Orden del D\u00eda:<\/strong><br><br><a href=\"https:\/\/drive.google.com\/file\/d\/1-vSKjDQXo1rkLXDiaZmmpfZJ4SBNoNjm\/view?usp=sharing\">1.- Aprobaci\u00f3n de la actualizaci\u00f3n del curr\u00edculo flexible por competencias 2021-2025 v2.0 seg\u00fan informe de la sub unidad de planeamiento curricular y desempe\u00f1o docente: informe N\u00b0 01139-2024-SUBUPCDD\/DGEA-UNA.<br><\/a><br><a href=\"https:\/\/drive.google.com\/file\/d\/1VLEgCyl3tpHfuoUThlvAtLZ7tmFeUtoY\/view?usp=sharing\">2.- Aprobaci\u00f3n del acta de ratificaci\u00f3n y promoci\u00f3n docente 2024, seg\u00fan Resoluci\u00f3n Decanal N\u00b0231-2024-D-FCAH-UNA.<\/a><br><br><a href=\"https:\/\/drive.google.com\/file\/d\/1i1vKk4sdXGQSlNsYLVc7m1mCgJgieRVL\/view?usp=sharing\">3.- Aprobaci\u00f3n de licencia por a\u00f1o sab\u00e1tico, seg\u00fan solicitud del Dr. Manuel Anchapuri Quispe\u00a0\u00a0<\/a><br><br><br><span style=\"font-size: 11pt; font-family: Arial, sans-serif; color: rgb(0, 0, 0); background-color: transparent; font-variant-numeric: normal; font-variant-east-asian: normal; font-variant-alternates: normal; font-variant-position: normal; vertical-align: baseline;\"><\/span><\/td><\/tr><\/tbody><\/table><\/figure>\n\n\n\n<p class=\"has-ast-global-color-4-background-color has-background\"><sub><strong>Los enlaces tienen un funcionamiento sin inconvenientes con el uso del correo institucional de la UNAP.<\/strong><\/sub><\/p>\n\n\n\n<p><\/p>\n\n\n\n<p><\/p>\n","protected":false},"excerpt":{"rendered":"<p>Citaci\u00f3n Orden del D\u00eda: 1.- Aprobaci\u00f3n de la actualizaci\u00f3n del curr\u00edculo flexible por competencias 2021-2025 v2.0 seg\u00fan informe de la [&hellip;]<\/p>\n","protected":false},"author":1,"featured_media":0,"parent":0,"menu_order":0,"comment_status":"closed","ping_status":"closed","template":"","meta":{"site-sidebar-layout":"default","site-content-layout":"","ast-site-content-layout":"","site-content-style":"default","site-sidebar-style":"default","ast-global-header-display":"","ast-banner-title-visibility":"","ast-main-header-display":"","ast-hfb-above-header-display":"","ast-hfb-below-header-display":"","ast-hfb-mobile-header-display":"","site-post-title":"","ast-breadcrumbs-content":"","ast-featured-img":"","footer-sml-layout":"","theme-transparent-header-meta":"","adv-header-id-meta":"","stick-header-meta":"","header-above-stick-meta":"","header-main-stick-meta":"","header-below-stick-meta":"","astra-migrate-meta-layouts":"default","ast-page-background-enabled":"default","ast-page-background-meta":{"desktop":{"background-color":"var(--ast-global-color-4)","background-image":"","background-repeat":"repeat","background-position":"center center","background-size":"auto","background-attachment":"scroll","background-type":"","background-media":"","overlay-type":"","overlay-color":"","overlay-opacity":"","overlay-gradient":""},"tablet":{"background-color":"","background-image":"","background-repeat":"repeat","background-position":"center center","background-size":"auto","background-attachment":"scroll","background-type":"","background-media":"","overlay-type":"","overlay-color":"","overlay-opacity":"","overlay-gradient":""},"mobile":{"background-color":"","background-image":"","background-repeat":"repeat","background-position":"center center","background-size":"auto","background-attachment":"scroll","background-type":"","background-media":"","overlay-type":"","overlay-color":"","overlay-opacity":"","overlay-gradient":""}},"ast-content-background-meta":{"desktop":{"background-color":"var(--ast-global-color-5)","background-image":"","background-repeat":"repeat","background-position":"center center","background-size":"auto","background-attachment":"scroll","background-type":"","background-media":"","overlay-type":"","overlay-color":"","overlay-opacity":"","overlay-gradient":""},"tablet":{"background-color":"var(--ast-global-color-5)","background-image":"","background-repeat":"repeat","background-position":"center center","background-size":"auto","background-attachment":"scroll","background-type":"","background-media":"","overlay-type":"","overlay-color":"","overlay-opacity":"","overlay-gradient":""},"mobile":{"background-color":"var(--ast-global-color-5)","background-image":"","background-repeat":"repeat","background-position":"center center","background-size":"auto","background-attachment":"scroll","background-type":"","background-media":"","overlay-type":"","overlay-color":"","overlay-opacity":"","overlay-gradient":""}},"_joinchat":[],"footnotes":""},"class_list":["post-175","page","type-page","status-publish","hentry"],"_links":{"self":[{"href":"https:\/\/fcah.info\/cf\/wp-json\/wp\/v2\/pages\/175","targetHints":{"allow":["GET"]}}],"collection":[{"href":"https:\/\/fcah.info\/cf\/wp-json\/wp\/v2\/pages"}],"about":[{"href":"https:\/\/fcah.info\/cf\/wp-json\/wp\/v2\/types\/page"}],"author":[{"embeddable":true,"href":"https:\/\/fcah.info\/cf\/wp-json\/wp\/v2\/users\/1"}],"replies":[{"embeddable":true,"href":"https:\/\/fcah.info\/cf\/wp-json\/wp\/v2\/comments?post=175"}],"version-history":[{"count":1,"href":"https:\/\/fcah.info\/cf\/wp-json\/wp\/v2\/pages\/175\/revisions"}],"predecessor-version":[{"id":176,"href":"https:\/\/fcah.info\/cf\/wp-json\/wp\/v2\/pages\/175\/revisions\/176"}],"wp:attachment":[{"href":"https:\/\/fcah.info\/cf\/wp-json\/wp\/v2\/media?parent=175"}],"curies":[{"name":"wp","href":"https:\/\/api.w.org\/{rel}","templated":true}]}}