{"id":171,"date":"2024-12-18T20:58:56","date_gmt":"2024-12-18T20:58:56","guid":{"rendered":"https:\/\/fcah.info\/cf\/?page_id=171"},"modified":"2024-12-18T20:58:56","modified_gmt":"2024-12-18T20:58:56","slug":"sesion-de-consejo-extraordinario-del-19-de-diciembre-del-2024","status":"publish","type":"page","link":"https:\/\/fcah.info\/cf\/sesion-de-consejo-extraordinario-del-19-de-diciembre-del-2024\/","title":{"rendered":"Sesi\u00f3n de Consejo Extraordinario del 19 de Diciembre del 2024"},"content":{"rendered":"\n<figure class=\"wp-block-table is-style-stripes\"><table class=\"has-fixed-layout\"><tbody><tr><td><strong><a href=\"https:\/\/drive.google.com\/file\/d\/1GlcnjB-QfHbXwFhs3TtXmbJwsn6PwZDY\/view?usp=sharing\">Citaci\u00f3n<\/a><\/strong><\/td><\/tr><tr><td><strong>Orden del D\u00eda:<\/strong><br><br>1.- <a href=\"https:\/\/drive.google.com\/file\/d\/1C-o4cZlcvVxoWPq-xzLg300o29uQLGSA\/view?usp=sharing\">Aprobaci\u00f3n de grados y t\u00edtulos<\/a><br>2.- Informe de la comisi\u00f3n para la\u00a0 Impresi\u00f3n de Actas,\u00a0 regularizaci\u00f3n de firmas (docente y Director) en las Actas del a\u00f1o acad\u00e9mico 2021\u00a0 semestre I \u2013 II del\u00a0 I al X\u00a0 Ciclo y\u00a0 Actas de los Cursos de Nivelaci\u00f3n del\u00a0 a\u00f1o acad\u00e9mico 2021,\u00a0 para la Aprobaci\u00f3n de Grados y T\u00edtulos, seg\u00fan Resoluci\u00f3n Decanal Nro. 221-2024-D-FCAH-UNA.\u00a0<br>3.- <a href=\"https:\/\/drive.google.com\/file\/d\/1R6_D3UTc7RLHLLEJO7I24K1BQ7IKJkrW\/view?usp=sharing\">Aprobaci\u00f3n del acta de evaluaci\u00f3n de pr\u00e1cticas preprofesionales, seg\u00fan oficio Nro. 229-2024-D-EPA- FCAH-UNA-PUNO.<\/a><br>4.- <a href=\"https:\/\/drive.google.com\/file\/d\/1t38G6SoJW452pYe8DXn56kwjnV8jD87J\/view?usp=sharing\">Aprobaci\u00f3n del acta de evaluaci\u00f3n de pr\u00e1cticas preprofesionales, seg\u00fan oficio Nro. 231-2024-D-EPA- FCAH-UNA-PUNO.<\/a><br>5.- <a href=\"https:\/\/drive.google.com\/file\/d\/1rxfXKCVYbHURXnG8ls1lWbg-cbaZ2UKN\/view?usp=sharing\">Aprobaci\u00f3n de regularizaci\u00f3n y asignaci\u00f3n de docente para el curso equivalente de Investigaci\u00f3n de mercados 2024-I Seg\u00fan Oficio Nro. 232-2024-D-EPA-FCAH-UNA-PUNO.<\/a><br>6.- Comisi\u00f3n de promoci\u00f3n docente, seg\u00fan reglamento de ratificaci\u00f3n y promoci\u00f3n Docente de la Universidad Nacional del Altiplano de Puno. Resoluci\u00f3n Rectoral\u00a0 Nro. 2641-2024-R-UNA.<br><br><br><span id=\"docs-internal-guid-297f3849-7fff-db7e-d5f3-0f367e50c15f\"><div><span style=\"font-size: 12pt; font-family: Arial, sans-serif; color: rgb(0, 0, 0); background-color: transparent; font-variant-numeric: normal; font-variant-east-asian: normal; font-variant-alternates: normal; font-variant-position: normal; vertical-align: baseline;\"><\/span><span style=\"font-size: 12pt; font-family: Arial, sans-serif; color: rgb(0, 0, 0); background-color: transparent; font-variant-numeric: normal; font-variant-east-asian: normal; font-variant-alternates: normal; font-variant-position: normal; vertical-align: baseline;\"><\/span><\/div><\/span><\/td><\/tr><\/tbody><\/table><\/figure>\n\n\n\n<p class=\"has-ast-global-color-4-background-color has-background\"><sub><strong>Los enlaces tienen un funcionamiento sin inconvenientes con el uso del correo institucional de la UNAP.<\/strong><\/sub><\/p>\n\n\n\n<p><\/p>\n\n\n\n<p><\/p>\n","protected":false},"excerpt":{"rendered":"<p>Citaci\u00f3n Orden del D\u00eda: 1.- Aprobaci\u00f3n de grados y t\u00edtulos2.- Informe de la comisi\u00f3n para la\u00a0 Impresi\u00f3n de Actas,\u00a0 regularizaci\u00f3n [&hellip;]<\/p>\n","protected":false},"author":1,"featured_media":0,"parent":0,"menu_order":0,"comment_status":"closed","ping_status":"closed","template":"","meta":{"site-sidebar-layout":"default","site-content-layout":"","ast-site-content-layout":"","site-content-style":"default","site-sidebar-style":"default","ast-global-header-display":"","ast-banner-title-visibility":"","ast-main-header-display":"","ast-hfb-above-header-display":"","ast-hfb-below-header-display":"","ast-hfb-mobile-header-display":"","site-post-title":"","ast-breadcrumbs-content":"","ast-featured-img":"","footer-sml-layout":"","theme-transparent-header-meta":"","adv-header-id-meta":"","stick-header-meta":"","header-above-stick-meta":"","header-main-stick-meta":"","header-below-stick-meta":"","astra-migrate-meta-layouts":"default","ast-page-background-enabled":"default","ast-page-background-meta":{"desktop":{"background-color":"var(--ast-global-color-4)","background-image":"","background-repeat":"repeat","background-position":"center center","background-size":"auto","background-attachment":"scroll","background-type":"","background-media":"","overlay-type":"","overlay-color":"","overlay-opacity":"","overlay-gradient":""},"tablet":{"background-color":"","background-image":"","background-repeat":"repeat","background-position":"center center","background-size":"auto","background-attachment":"scroll","background-type":"","background-media":"","overlay-type":"","overlay-color":"","overlay-opacity":"","overlay-gradient":""},"mobile":{"background-color":"","background-image":"","background-repeat":"repeat","background-position":"center center","background-size":"auto","background-attachment":"scroll","background-type":"","background-media":"","overlay-type":"","overlay-color":"","overlay-opacity":"","overlay-gradient":""}},"ast-content-background-meta":{"desktop":{"background-color":"var(--ast-global-color-5)","background-image":"","background-repeat":"repeat","background-position":"center center","background-size":"auto","background-attachment":"scroll","background-type":"","background-media":"","overlay-type":"","overlay-color":"","overlay-opacity":"","overlay-gradient":""},"tablet":{"background-color":"var(--ast-global-color-5)","background-image":"","background-repeat":"repeat","background-position":"center center","background-size":"auto","background-attachment":"scroll","background-type":"","background-media":"","overlay-type":"","overlay-color":"","overlay-opacity":"","overlay-gradient":""},"mobile":{"background-color":"var(--ast-global-color-5)","background-image":"","background-repeat":"repeat","background-position":"center center","background-size":"auto","background-attachment":"scroll","background-type":"","background-media":"","overlay-type":"","overlay-color":"","overlay-opacity":"","overlay-gradient":""}},"_joinchat":[],"footnotes":""},"class_list":["post-171","page","type-page","status-publish","hentry"],"_links":{"self":[{"href":"https:\/\/fcah.info\/cf\/wp-json\/wp\/v2\/pages\/171","targetHints":{"allow":["GET"]}}],"collection":[{"href":"https:\/\/fcah.info\/cf\/wp-json\/wp\/v2\/pages"}],"about":[{"href":"https:\/\/fcah.info\/cf\/wp-json\/wp\/v2\/types\/page"}],"author":[{"embeddable":true,"href":"https:\/\/fcah.info\/cf\/wp-json\/wp\/v2\/users\/1"}],"replies":[{"embeddable":true,"href":"https:\/\/fcah.info\/cf\/wp-json\/wp\/v2\/comments?post=171"}],"version-history":[{"count":1,"href":"https:\/\/fcah.info\/cf\/wp-json\/wp\/v2\/pages\/171\/revisions"}],"predecessor-version":[{"id":172,"href":"https:\/\/fcah.info\/cf\/wp-json\/wp\/v2\/pages\/171\/revisions\/172"}],"wp:attachment":[{"href":"https:\/\/fcah.info\/cf\/wp-json\/wp\/v2\/media?parent=171"}],"curies":[{"name":"wp","href":"https:\/\/api.w.org\/{rel}","templated":true}]}}