{"id":160,"date":"2024-12-03T17:54:41","date_gmt":"2024-12-03T17:54:41","guid":{"rendered":"https:\/\/fcah.info\/cf\/?page_id=160"},"modified":"2024-12-03T22:44:25","modified_gmt":"2024-12-03T22:44:25","slug":"sesion-de-consejo-extraordinario-del-04-de-diciembre-del-2024","status":"publish","type":"page","link":"https:\/\/fcah.info\/cf\/sesion-de-consejo-extraordinario-del-04-de-diciembre-del-2024\/","title":{"rendered":"Sesi\u00f3n de Consejo Extraordinario del 04 de Diciembre del 2024"},"content":{"rendered":"\n<figure class=\"wp-block-table is-style-stripes\"><table class=\"has-fixed-layout\"><tbody><tr><td><strong><a href=\"https:\/\/drive.google.com\/file\/d\/1BJCoJc98LNmn4G_3URmo-wmZb-gere9b\/view?usp=drivesdk\">Citaci\u00f3n<\/a><\/strong><\/td><\/tr><tr><td><strong>Orden del D\u00eda:<\/strong><br><br><a href=\"https:\/\/drive.google.com\/file\/d\/1KCbgYpfxY3ItjSmzUl-jLpzzXhVreO6Q\/view?usp=drivesdk\">1.- Aprobaci\u00f3n de Grados y T\u00edtulos\u00a0<\/a><br><a href=\"https:\/\/drive.google.com\/file\/d\/1tGQu-JKERzBsf-ePuGcsj75Wz03kM061\/view?usp=drivesdk\">2.- Aprobaci\u00f3n de Programas de Maestr\u00eda en la Facultad de Ciencias Administrativas y Humanas, seg\u00fan informe Nro. 009-2024-DUP-FCAH-UNA-PUNO.<\/a><br><a href=\"https:\/\/drive.google.com\/file\/d\/1a2qTnp_0BuLJtY5s-fxsHJjO1Ec14qzi\/view?usp=drivesdk\">3.- Aprobaci\u00f3n del acuerdo del consejo ampliado de docentes respecto a la afectaci\u00f3n del \u00e1mbito profesional en el proceso de creaci\u00f3n de programas de estudio que invaden el campo profesional del Licenciado en Administraci\u00f3n en pre y posgrado.<\/a><br><a href=\"https:\/\/drive.google.com\/file\/d\/1a2qTnp_0BuLJtY5s-fxsHJjO1Ec14qzi\/view?usp=drivesdk\">4.- Aprobaci\u00f3n del reconocimiento y felicitaci\u00f3n a la comisi\u00f3n encargada de evaluaci\u00f3n del silabo correspondiente al a\u00f1o acad\u00e9mico 2023.<\/a><br><a href=\"https:\/\/drive.google.com\/file\/d\/1eO0K--ZQdZa2TJaA7bDb1_0dCwqpkRLm\/view?usp=drivesdk\">5.- Deliberaci\u00f3n sobre evidencias de las asignaturas de proyecto de investigaci\u00f3n e informe de investigaci\u00f3n, exigidas como requisitos para el tr\u00e1mite del grado acad\u00e9mico de bachiller.\u00a0<\/a><br>6.- Puesta en consideraci\u00f3n del pedido de los estudiantes sobre la ampliaci\u00f3n del horario en el turno noche para los ciclos acad\u00e9micos noveno y d\u00e9cimo de la escuela profesional de administraci\u00f3n.<br><a href=\"https:\/\/drive.google.com\/file\/d\/1gEc4gMWV6r6KICU5VyqX5ONFPekDHERf\/view?usp=drivesdk\">7. &#8211; Aprobaci\u00f3n de la solicitud de la ampliaci\u00f3n de Licencia por capacitaci\u00f3n del M.Sc. Marco Pinto C\u00e1ceres.\u00a0<\/a><br><a href=\"https:\/\/drive.google.com\/file\/d\/11ZrLP5IW3oEZOn91tkdAquCsr8U3S0tR\/view?usp=drivesdk\">8.- Aprobaci\u00f3n del financiamiento retroactivo en parte, por asistencia virtual, seg\u00fan solicitud del M.Sc. Miguel Martin Arroyo Beltr\u00e1n<\/a><br><br><span id=\"docs-internal-guid-297f3849-7fff-db7e-d5f3-0f367e50c15f\"><div><span style=\"font-size: 12pt; font-family: Arial, sans-serif; color: rgb(0, 0, 0); background-color: transparent; font-variant-numeric: normal; font-variant-east-asian: normal; font-variant-alternates: normal; font-variant-position: normal; vertical-align: baseline;\"><\/span><span style=\"font-size: 12pt; font-family: Arial, sans-serif; color: rgb(0, 0, 0); background-color: transparent; font-variant-numeric: normal; font-variant-east-asian: normal; font-variant-alternates: normal; font-variant-position: normal; vertical-align: baseline;\"><\/span><\/div><\/span><\/td><\/tr><\/tbody><\/table><\/figure>\n\n\n\n<p class=\"has-ast-global-color-4-background-color has-background\"><sub><strong>Los enlaces tienen un funcionamiento sin inconvenientes con el uso del correo institucional de la UNAP.<\/strong><\/sub><\/p>\n\n\n\n<p><\/p>\n\n\n\n<p><\/p>\n","protected":false},"excerpt":{"rendered":"<p>Citaci\u00f3n Orden del D\u00eda: 1.- Aprobaci\u00f3n de Grados y T\u00edtulos\u00a02.- Aprobaci\u00f3n de Programas de Maestr\u00eda en la Facultad de Ciencias [&hellip;]<\/p>\n","protected":false},"author":1,"featured_media":0,"parent":0,"menu_order":0,"comment_status":"closed","ping_status":"closed","template":"","meta":{"site-sidebar-layout":"default","site-content-layout":"","ast-site-content-layout":"","site-content-style":"default","site-sidebar-style":"default","ast-global-header-display":"","ast-banner-title-visibility":"","ast-main-header-display":"","ast-hfb-above-header-display":"","ast-hfb-below-header-display":"","ast-hfb-mobile-header-display":"","site-post-title":"","ast-breadcrumbs-content":"","ast-featured-img":"","footer-sml-layout":"","theme-transparent-header-meta":"","adv-header-id-meta":"","stick-header-meta":"","header-above-stick-meta":"","header-main-stick-meta":"","header-below-stick-meta":"","astra-migrate-meta-layouts":"default","ast-page-background-enabled":"default","ast-page-background-meta":{"desktop":{"background-color":"var(--ast-global-color-4)","background-image":"","background-repeat":"repeat","background-position":"center center","background-size":"auto","background-attachment":"scroll","background-type":"","background-media":"","overlay-type":"","overlay-color":"","overlay-opacity":"","overlay-gradient":""},"tablet":{"background-color":"","background-image":"","background-repeat":"repeat","background-position":"center center","background-size":"auto","background-attachment":"scroll","background-type":"","background-media":"","overlay-type":"","overlay-color":"","overlay-opacity":"","overlay-gradient":""},"mobile":{"background-color":"","background-image":"","background-repeat":"repeat","background-position":"center center","background-size":"auto","background-attachment":"scroll","background-type":"","background-media":"","overlay-type":"","overlay-color":"","overlay-opacity":"","overlay-gradient":""}},"ast-content-background-meta":{"desktop":{"background-color":"var(--ast-global-color-5)","background-image":"","background-repeat":"repeat","background-position":"center center","background-size":"auto","background-attachment":"scroll","background-type":"","background-media":"","overlay-type":"","overlay-color":"","overlay-opacity":"","overlay-gradient":""},"tablet":{"background-color":"var(--ast-global-color-5)","background-image":"","background-repeat":"repeat","background-position":"center center","background-size":"auto","background-attachment":"scroll","background-type":"","background-media":"","overlay-type":"","overlay-color":"","overlay-opacity":"","overlay-gradient":""},"mobile":{"background-color":"var(--ast-global-color-5)","background-image":"","background-repeat":"repeat","background-position":"center center","background-size":"auto","background-attachment":"scroll","background-type":"","background-media":"","overlay-type":"","overlay-color":"","overlay-opacity":"","overlay-gradient":""}},"_joinchat":[],"footnotes":""},"class_list":["post-160","page","type-page","status-publish","hentry"],"_links":{"self":[{"href":"https:\/\/fcah.info\/cf\/wp-json\/wp\/v2\/pages\/160","targetHints":{"allow":["GET"]}}],"collection":[{"href":"https:\/\/fcah.info\/cf\/wp-json\/wp\/v2\/pages"}],"about":[{"href":"https:\/\/fcah.info\/cf\/wp-json\/wp\/v2\/types\/page"}],"author":[{"embeddable":true,"href":"https:\/\/fcah.info\/cf\/wp-json\/wp\/v2\/users\/1"}],"replies":[{"embeddable":true,"href":"https:\/\/fcah.info\/cf\/wp-json\/wp\/v2\/comments?post=160"}],"version-history":[{"count":2,"href":"https:\/\/fcah.info\/cf\/wp-json\/wp\/v2\/pages\/160\/revisions"}],"predecessor-version":[{"id":167,"href":"https:\/\/fcah.info\/cf\/wp-json\/wp\/v2\/pages\/160\/revisions\/167"}],"wp:attachment":[{"href":"https:\/\/fcah.info\/cf\/wp-json\/wp\/v2\/media?parent=160"}],"curies":[{"name":"wp","href":"https:\/\/api.w.org\/{rel}","templated":true}]}}