{"id":125,"date":"2024-09-28T11:07:58","date_gmt":"2024-09-28T11:07:58","guid":{"rendered":"https:\/\/fcah.info\/cf\/?page_id=125"},"modified":"2024-12-03T17:55:43","modified_gmt":"2024-12-03T17:55:43","slug":"sesion-de-consejo-extradinario-del-30-de-setiembre-del-2024","status":"publish","type":"page","link":"https:\/\/fcah.info\/cf\/sesion-de-consejo-extradinario-del-30-de-setiembre-del-2024\/","title":{"rendered":"Sesi\u00f3n de Consejo Extraordinario del 30 de Setiembre del 2024"},"content":{"rendered":"\n<figure class=\"wp-block-table is-style-stripes\"><table class=\"has-fixed-layout\"><tbody><tr><td><strong><a href=\"https:\/\/drive.google.com\/file\/d\/1HDuOnPBE2eMI3jNCpHR9vya1u07Afj5U\/view?usp=sharing\">Citaci\u00f3n<\/a><\/strong><\/td><\/tr><tr><td><strong>Orden del D\u00eda:<\/strong><br><br>1. <a href=\"https:\/\/drive.google.com\/file\/d\/1NNtGV2V-DE-_UoCtoIskJSQ1MQ2vuubg\/view?usp=sharing\">Aprobaci\u00f3n del reglamento de pr\u00e1cticas pre profesionales seg\u00fan Informe N\u00b0001-2024-UNAP-FCAH-EPA.<\/a><br>2. <a href=\"https:\/\/drive.google.com\/file\/d\/1g347UXrvYpMjMcJcDDp4K3uu5PFHc77F\/view?usp=sharing\">Aprobaci\u00f3n de solicitud&nbsp; de licencia por capacitaci\u00f3n y subvenci\u00f3n econ\u00f3mica, seg\u00fan solicitud de la Dr. Zoraima Julieta Laura Castillo.<\/a><br>3. <a href=\"https:\/\/drive.google.com\/file\/d\/1DFDYnvK89-Ax--CdhiAMkSIiALfUywzc\/view?usp=sharing\">Aprobaci\u00f3n de solicitud de permiso&nbsp; por capacitaci\u00f3n y asignaci\u00f3n de bolsa de viaje, seg\u00fan solicitud del Dr. Tom\u00e1s V\u00e9liz Quispe.<\/a><br>4. <a href=\"https:\/\/drive.google.com\/file\/d\/1xvEDg-VnVKB7K5QAgGw664Zur5_JI_bf\/view?usp=sharing\">Aprobaci\u00f3n de solicitud de permiso&nbsp; por capacitaci\u00f3n y asignaci\u00f3n de bolsa de viaje, seg\u00fan solicitud del Dr. Guino Percy Guti\u00e9rrez Toledo.<\/a><br>5.&nbsp;<a href=\"https:\/\/drive.google.com\/file\/d\/102TDGdsP4CvIjJBvxwSigUCpVj1pcWNS\/view?usp=sharing\">Aprobaci\u00f3n de solicitud de licencia por capacitaci\u00f3n y bolsa de viaje, seg\u00fan solicitud del Mg. Edwin Abdon Quispe Cansaya.<br><\/a>6. <a href=\"https:\/\/drive.google.com\/file\/d\/1KwtmE6G8_6NGf-iwpUWs9EZumP1GJaDf\/view?usp=sharing\">Aprobaci\u00f3n de solicitud de licencia por capacitaci\u00f3n y subvenci\u00f3n econ\u00f3mica, seg\u00fan solicitud del M. Sc. F\u00e1tima Tiznado Jimenes.<\/a><br>7 . <a href=\"https:\/\/drive.google.com\/file\/d\/1qYMcgAkIdTsdqq0JvJvoyd3236u7avJJ\/view?usp=sharing\">Aprobaci\u00f3n de solicitud de licencia por capacitaci\u00f3n y bolsa de viaje, seg\u00fan solicitud del Dr. Rolando Esteban Rodr\u00edguez Huamani.<\/a><br>8.- <a href=\"https:\/\/drive.google.com\/file\/d\/1K-HI1jXr3ArmbC_P1whUdmtFa117hMKV\/view?usp=sharing\">Aprobaci\u00f3n de solicitud de licencia para participar en el curso taller \u201cMetodolog\u00eda de la Investigaci\u00f3n Aplicada a las Ciencias Jur\u00eddicas, Contables y Sociales\u201d en calidad de ponente, seg\u00fan solicitud del Dr. Manuel Anchapuri Quispe&nbsp;<\/a><br>9.- <a href=\"https:\/\/drive.google.com\/file\/d\/1Y_tWItzJNnXdQC4pzKu9kqOgryq0MlcP\/view?usp=sharing\">Aprobaci\u00f3n de solicitud de licencia por capacitaci\u00f3n y bolsa de viaje, seg\u00fan solicitud de la se\u00f1ora Magaly Sandra Mamani Y\u00e9pez, secretaria&nbsp; de la Escuela Profesional de Administraci\u00f3n.<\/a><br>10. <a href=\"https:\/\/drive.google.com\/file\/d\/1qefHb6V3uo-TB7keXIe18-wJyEJNdZmL\/view?usp=sharing\">Aprobaci\u00f3n de solicitud de licencia por capacitaci\u00f3n y bolsa de viaje, seg\u00fan solicitud de la Lic. Martha Liliana Mart\u00ednez Charaja, Coordinadora Acad\u00e9mica de la Escuela Profesional de Administraci\u00f3n.<\/a><br>11. <a href=\"https:\/\/drive.google.com\/file\/d\/1mTi6k2Ty6gTtwvHNhW9q44o5XOsOe7eo\/view?usp=sharing\">Aprobaci\u00f3n de emisi\u00f3n de resoluci\u00f3n Decanal de reconocimiento y felicitaci\u00f3n&nbsp; al personal que apoyo en la \u201cIII Exposici\u00f3n de Evidencias&nbsp; de logros de aprendizaje de los cursos en la UNA \u2013 Puno 2024-I\u201d<\/a><br>12. <a href=\"https:\/\/drive.google.com\/file\/d\/1LCwnV1ftoR21Hle9AKEqXnPLJO-wY3A_\/view?usp=sharing\">Aprobaci\u00f3n de las recomendaciones contenidas en el Informe N\u00b0001-2024-CRAN-FCAH, Referente a la comisi\u00f3n de revisi\u00f3n de firmas en actas 2020 I y II, 2021 I y II.<\/a><span id=\"docs-internal-guid-297f3849-7fff-db7e-d5f3-0f367e50c15f\"><div><span style=\"font-size: 12pt; font-family: Arial, sans-serif; color: rgb(0, 0, 0); background-color: transparent; font-variant-numeric: normal; font-variant-east-asian: normal; font-variant-alternates: normal; font-variant-position: normal; vertical-align: baseline;\"><\/span><span style=\"font-size: 12pt; font-family: Arial, sans-serif; color: rgb(0, 0, 0); background-color: transparent; font-variant-numeric: normal; font-variant-east-asian: normal; font-variant-alternates: normal; font-variant-position: normal; vertical-align: baseline;\"><\/span><\/div><\/span><\/td><\/tr><\/tbody><\/table><\/figure>\n\n\n\n<p class=\"has-ast-global-color-4-background-color has-background\"><sub><strong>Los enlaces tienen un funcionamiento sin inconvenientes con el uso del correo institucional de la UNAP.<\/strong><\/sub><\/p>\n\n\n\n<p><\/p>\n\n\n\n<p><\/p>\n","protected":false},"excerpt":{"rendered":"<p>Citaci\u00f3n Orden del D\u00eda: 1. Aprobaci\u00f3n del reglamento de pr\u00e1cticas pre profesionales seg\u00fan Informe N\u00b0001-2024-UNAP-FCAH-EPA.2. Aprobaci\u00f3n de solicitud&nbsp; de licencia [&hellip;]<\/p>\n","protected":false},"author":1,"featured_media":0,"parent":0,"menu_order":0,"comment_status":"closed","ping_status":"closed","template":"","meta":{"site-sidebar-layout":"default","site-content-layout":"","ast-site-content-layout":"","site-content-style":"default","site-sidebar-style":"default","ast-global-header-display":"","ast-banner-title-visibility":"","ast-main-header-display":"","ast-hfb-above-header-display":"","ast-hfb-below-header-display":"","ast-hfb-mobile-header-display":"","site-post-title":"","ast-breadcrumbs-content":"","ast-featured-img":"","footer-sml-layout":"","theme-transparent-header-meta":"","adv-header-id-meta":"","stick-header-meta":"","header-above-stick-meta":"","header-main-stick-meta":"","header-below-stick-meta":"","astra-migrate-meta-layouts":"default","ast-page-background-enabled":"default","ast-page-background-meta":{"desktop":{"background-color":"var(--ast-global-color-4)","background-image":"","background-repeat":"repeat","background-position":"center center","background-size":"auto","background-attachment":"scroll","background-type":"","background-media":"","overlay-type":"","overlay-color":"","overlay-opacity":"","overlay-gradient":""},"tablet":{"background-color":"","background-image":"","background-repeat":"repeat","background-position":"center center","background-size":"auto","background-attachment":"scroll","background-type":"","background-media":"","overlay-type":"","overlay-color":"","overlay-opacity":"","overlay-gradient":""},"mobile":{"background-color":"","background-image":"","background-repeat":"repeat","background-position":"center center","background-size":"auto","background-attachment":"scroll","background-type":"","background-media":"","overlay-type":"","overlay-color":"","overlay-opacity":"","overlay-gradient":""}},"ast-content-background-meta":{"desktop":{"background-color":"var(--ast-global-color-5)","background-image":"","background-repeat":"repeat","background-position":"center center","background-size":"auto","background-attachment":"scroll","background-type":"","background-media":"","overlay-type":"","overlay-color":"","overlay-opacity":"","overlay-gradient":""},"tablet":{"background-color":"var(--ast-global-color-5)","background-image":"","background-repeat":"repeat","background-position":"center center","background-size":"auto","background-attachment":"scroll","background-type":"","background-media":"","overlay-type":"","overlay-color":"","overlay-opacity":"","overlay-gradient":""},"mobile":{"background-color":"var(--ast-global-color-5)","background-image":"","background-repeat":"repeat","background-position":"center center","background-size":"auto","background-attachment":"scroll","background-type":"","background-media":"","overlay-type":"","overlay-color":"","overlay-opacity":"","overlay-gradient":""}},"_joinchat":[],"footnotes":""},"class_list":["post-125","page","type-page","status-publish","hentry"],"_links":{"self":[{"href":"https:\/\/fcah.info\/cf\/wp-json\/wp\/v2\/pages\/125","targetHints":{"allow":["GET"]}}],"collection":[{"href":"https:\/\/fcah.info\/cf\/wp-json\/wp\/v2\/pages"}],"about":[{"href":"https:\/\/fcah.info\/cf\/wp-json\/wp\/v2\/types\/page"}],"author":[{"embeddable":true,"href":"https:\/\/fcah.info\/cf\/wp-json\/wp\/v2\/users\/1"}],"replies":[{"embeddable":true,"href":"https:\/\/fcah.info\/cf\/wp-json\/wp\/v2\/comments?post=125"}],"version-history":[{"count":4,"href":"https:\/\/fcah.info\/cf\/wp-json\/wp\/v2\/pages\/125\/revisions"}],"predecessor-version":[{"id":164,"href":"https:\/\/fcah.info\/cf\/wp-json\/wp\/v2\/pages\/125\/revisions\/164"}],"wp:attachment":[{"href":"https:\/\/fcah.info\/cf\/wp-json\/wp\/v2\/media?parent=125"}],"curies":[{"name":"wp","href":"https:\/\/api.w.org\/{rel}","templated":true}]}}