{"id":119,"date":"2024-09-25T18:04:25","date_gmt":"2024-09-25T18:04:25","guid":{"rendered":"https:\/\/fcah.info\/cf\/?page_id=119"},"modified":"2024-12-03T17:55:29","modified_gmt":"2024-12-03T17:55:29","slug":"sesion-de-consejo-extradinario-del-26-de-setiembre-del-2024","status":"publish","type":"page","link":"https:\/\/fcah.info\/cf\/sesion-de-consejo-extradinario-del-26-de-setiembre-del-2024\/","title":{"rendered":"Sesi\u00f3n de Consejo Extraordinario del 26 de Setiembre del 2024"},"content":{"rendered":"\n<figure class=\"wp-block-table is-style-stripes\"><table class=\"has-fixed-layout\"><tbody><tr><td><strong><a href=\"https:\/\/drive.google.com\/file\/d\/1RGykt0XHvALUipJgHJJWMVYlO58VG-Ys\/view?usp=sharing\">Citaci\u00f3n<\/a><\/strong><\/td><\/tr><tr><td><strong>Orden del D\u00eda:<\/strong><br>1.- Aprobaci\u00f3n de grados de bachiller Autom\u00e1tico\u00a0 y t\u00edtulos profesionales por sustentaci\u00f3n de tesis Seg\u00fan Informe N\u00b00128-2024-CA-EPA-FCAH-UNA \/ N\u00b0132- 2024-CA-EPA-FCAH-UNA.<br>      <a href=\"https:\/\/drive.google.com\/file\/d\/1zdX0Ngteu4OQ3qzRBq5ylQJz4xAggb2T\/view?usp=sharing\">Archivo 01<\/a><br>      <a href=\"https:\/\/drive.google.com\/file\/d\/1TZBlmZ3ptBsO3407yP_fcFL7v3AHIfaY\/view?usp=sharing\">Archivo 02<\/a><br>2. <a href=\"https:\/\/drive.google.com\/file\/d\/1vWLwxln6tm_VqLbv9DT49mKZbcU2FVZC\/view?usp=sharing\">Aprobaci\u00f3n de fecha de aniversario de la Facultad de Ciencias Administrativas y Humanas\u00a0 seg\u00fan Acta de docentes de fecha 10 de setiembre del 2024.<\/a><br>3.- <a href=\"https:\/\/drive.google.com\/file\/d\/1_HIYh_LU7hR3zreSooByU8NzwQ9xH0-n\/view?usp=sharing\">Aprobaci\u00f3n de reconformaci\u00f3n del sub comit\u00e9 de seguridad y salud en el trabajo seg\u00fan Oficio N\u00b0185-2024-D-EPA-FCAH-UNA-PUNO<\/a><br>4.- <a href=\"https:\/\/drive.google.com\/file\/d\/1jAskW1gawIedFod5HytftH1pGGO224rw\/view?usp=sharing\">Aprobaci\u00f3n de la comisi\u00f3n para la gesti\u00f3n de transferencia de los programas de postgrado de la F.C.C.A. a la F.C.A.H. Seg\u00fan informe\u00a0 N\u00b0001-2024-DUP-FCAH-UNA-PUNO<\/a>\u00a0<br>5.- <a href=\"https:\/\/drive.google.com\/file\/d\/1yEm5Tw7VvrqKkPK6xhHVSKJLaU4cpXVN\/view?usp=sharing\">Aprobaci\u00f3n de la comisi\u00f3n para la creaci\u00f3n de maestr\u00edas en la Facultad de Ciencias Administrativas y Humanas. Seg\u00fan informe\u00a0 N\u00b0001-2024-DUP-FCAH-UNA-PUNO<\/a><br>6. <a href=\"https:\/\/drive.google.com\/file\/d\/18C_3uNqLsQHHDEEvJDJ35c4lR1HbfN6j\/view?usp=sharing\">Aprobaci\u00f3n del cuadro de m\u00e9ritos de primeros puestos que correspondiente al semestre acad\u00e9mico 2024-I seg\u00fan informe Nro 0108-2024-CA-EPA-FCAH-UNA<\/a><br>7 . <a href=\"https:\/\/drive.google.com\/file\/d\/11UhZ4NV0mOdaXll9LwwTmgy2DRTQtJPg\/view?usp=sharing\">Aprobaci\u00f3n del acuerdo del modelo de acreditaci\u00f3n internacional para el programa de estudios de Administraci\u00f3n, seg\u00fan carta 008-2024-FCAH\/EPA\/CCLA.<\/a><br>8.- <a href=\"https:\/\/drive.google.com\/file\/d\/1h-D-BayhBbltX7p3t_tDfkiLlPecObAX\/view?usp=sharing\">Aprobaci\u00f3n del informe de asignaci\u00f3n de plazas transitorias para el contrato docente correspondiente al II semestre Acad\u00e9mico 2024 Seg\u00fan Informe N\u00b0 004-2024-DDA-EPA-FCAH-UNA-PUNO<\/a><br>9.- <a href=\"https:\/\/drive.google.com\/file\/d\/1vOdVPpEpyMTVJ42iaDoBo6zqrmcfQHKn\/view?usp=sharing\">Aprobaci\u00f3n\u00a0 de cursos: dirigidos y regular especial 2024-II de la escuela profesional de Administraci\u00f3n\u00a0 seg\u00fan Oficio 178-2024-D-EPA-FCAH-UNA-PUNO<\/a><br>10. <a href=\"https:\/\/drive.google.com\/file\/d\/1Kf_JpK5xJtfoE7xpqjFJ6ouGaUU8rlPc\/view?usp=sharing\">Aprobaci\u00f3n del acta de sustentaci\u00f3n Nro. 207 para continuar el tr\u00e1mite de t\u00edtulo profesional seg\u00fan informe 108-2024-DUI-FCAH-UNA.<\/a><br>11. <a href=\"https:\/\/drive.google.com\/file\/d\/1JzwFkU87HMSN3n69xYoz58F0O8TPup43\/view?usp=sharing\">Aprobaci\u00f3n de distribuci\u00f3n de docentes tutores y estudiantes tutorados del primer semestre del a\u00f1o acad\u00e9mico 2024, de la E.P. de Administraci\u00f3n seg\u00fan\u00a0 Oficio N\u00b0187-2024-D-EPA-FCAH-UNA-PUNO.<\/a><br>12. <a href=\"https:\/\/drive.google.com\/file\/d\/1WcEkAzmzx_Fy2YXNnMohxxLuvAMW6fko\/view?usp=sharing\">Aprobaci\u00f3n de las recomendaciones contenidas en el Informe N\u00b0087-2024-VRA\/JNH-UNA-P. referente al acta N\u00b0 000171 correspondiente al curso de comercio Internacional\u00a0 del VII ciclo Grupo \u201cC\u201d <\/a><span id=\"docs-internal-guid-307c4681-7fff-8db5-58d9-5d39ae330cc4\"><div><span style=\"font-size: 12pt; font-family: Arial, sans-serif; color: rgb(0, 0, 0); background-color: transparent; font-variant-numeric: normal; font-variant-east-asian: normal; font-variant-alternates: normal; font-variant-position: normal; vertical-align: baseline;\"><\/span><\/div><\/span><\/td><\/tr><\/tbody><\/table><\/figure>\n\n\n\n<p class=\"has-ast-global-color-4-background-color has-background\"><sub><strong>Los enlaces tienen un funcionamiento sin inconvenientes con el uso del correo institucional de la UNAP.<\/strong><\/sub><\/p>\n\n\n\n<p><\/p>\n\n\n\n<p><\/p>\n","protected":false},"excerpt":{"rendered":"<p>Citaci\u00f3n Orden del D\u00eda:1.- Aprobaci\u00f3n de grados de bachiller Autom\u00e1tico\u00a0 y t\u00edtulos profesionales por sustentaci\u00f3n de tesis Seg\u00fan Informe N\u00b00128-2024-CA-EPA-FCAH-UNA [&hellip;]<\/p>\n","protected":false},"author":1,"featured_media":0,"parent":0,"menu_order":0,"comment_status":"closed","ping_status":"closed","template":"","meta":{"site-sidebar-layout":"default","site-content-layout":"","ast-site-content-layout":"","site-content-style":"default","site-sidebar-style":"default","ast-global-header-display":"","ast-banner-title-visibility":"","ast-main-header-display":"","ast-hfb-above-header-display":"","ast-hfb-below-header-display":"","ast-hfb-mobile-header-display":"","site-post-title":"","ast-breadcrumbs-content":"","ast-featured-img":"","footer-sml-layout":"","theme-transparent-header-meta":"","adv-header-id-meta":"","stick-header-meta":"","header-above-stick-meta":"","header-main-stick-meta":"","header-below-stick-meta":"","astra-migrate-meta-layouts":"default","ast-page-background-enabled":"default","ast-page-background-meta":{"desktop":{"background-color":"var(--ast-global-color-4)","background-image":"","background-repeat":"repeat","background-position":"center center","background-size":"auto","background-attachment":"scroll","background-type":"","background-media":"","overlay-type":"","overlay-color":"","overlay-opacity":"","overlay-gradient":""},"tablet":{"background-color":"","background-image":"","background-repeat":"repeat","background-position":"center center","background-size":"auto","background-attachment":"scroll","background-type":"","background-media":"","overlay-type":"","overlay-color":"","overlay-opacity":"","overlay-gradient":""},"mobile":{"background-color":"","background-image":"","background-repeat":"repeat","background-position":"center center","background-size":"auto","background-attachment":"scroll","background-type":"","background-media":"","overlay-type":"","overlay-color":"","overlay-opacity":"","overlay-gradient":""}},"ast-content-background-meta":{"desktop":{"background-color":"var(--ast-global-color-5)","background-image":"","background-repeat":"repeat","background-position":"center center","background-size":"auto","background-attachment":"scroll","background-type":"","background-media":"","overlay-type":"","overlay-color":"","overlay-opacity":"","overlay-gradient":""},"tablet":{"background-color":"var(--ast-global-color-5)","background-image":"","background-repeat":"repeat","background-position":"center center","background-size":"auto","background-attachment":"scroll","background-type":"","background-media":"","overlay-type":"","overlay-color":"","overlay-opacity":"","overlay-gradient":""},"mobile":{"background-color":"var(--ast-global-color-5)","background-image":"","background-repeat":"repeat","background-position":"center center","background-size":"auto","background-attachment":"scroll","background-type":"","background-media":"","overlay-type":"","overlay-color":"","overlay-opacity":"","overlay-gradient":""}},"_joinchat":[],"footnotes":""},"class_list":["post-119","page","type-page","status-publish","hentry"],"_links":{"self":[{"href":"https:\/\/fcah.info\/cf\/wp-json\/wp\/v2\/pages\/119","targetHints":{"allow":["GET"]}}],"collection":[{"href":"https:\/\/fcah.info\/cf\/wp-json\/wp\/v2\/pages"}],"about":[{"href":"https:\/\/fcah.info\/cf\/wp-json\/wp\/v2\/types\/page"}],"author":[{"embeddable":true,"href":"https:\/\/fcah.info\/cf\/wp-json\/wp\/v2\/users\/1"}],"replies":[{"embeddable":true,"href":"https:\/\/fcah.info\/cf\/wp-json\/wp\/v2\/comments?post=119"}],"version-history":[{"count":2,"href":"https:\/\/fcah.info\/cf\/wp-json\/wp\/v2\/pages\/119\/revisions"}],"predecessor-version":[{"id":163,"href":"https:\/\/fcah.info\/cf\/wp-json\/wp\/v2\/pages\/119\/revisions\/163"}],"wp:attachment":[{"href":"https:\/\/fcah.info\/cf\/wp-json\/wp\/v2\/media?parent=119"}],"curies":[{"name":"wp","href":"https:\/\/api.w.org\/{rel}","templated":true}]}}