{"id":114,"date":"2024-09-12T00:37:31","date_gmt":"2024-09-12T00:37:31","guid":{"rendered":"https:\/\/fcah.info\/cf\/?page_id=114"},"modified":"2024-09-12T00:37:31","modified_gmt":"2024-09-12T00:37:31","slug":"sesion-de-consejo-ordinario-del-12-de-setiembre-del-2024","status":"publish","type":"page","link":"https:\/\/fcah.info\/cf\/sesion-de-consejo-ordinario-del-12-de-setiembre-del-2024\/","title":{"rendered":"Sesi\u00f3n de Consejo Ordinario del 12 de Setiembre del 2024"},"content":{"rendered":"\n<figure class=\"wp-block-table is-style-stripes\"><table class=\"has-fixed-layout\"><tbody><tr><td><strong><a href=\"https:\/\/drive.google.com\/file\/d\/1VoXLB6GoqmJzp2mgCHRajhmXeZ7QkiEX\/view?usp=sharing\">Citaci\u00f3n<\/a><\/strong><\/td><\/tr><tr><td><strong>Orden del D\u00eda:<\/strong><br><br><a href=\"https:\/\/drive.google.com\/file\/d\/1g1lLCb-9oHP8qBOW4WSLk_22g4VoxV6F\/view?usp=sharing\">1.-\u00a0 Aprobaci\u00f3n de Grados y t\u00edtulos\u00a0<\/a><br><a href=\"https:\/\/drive.google.com\/file\/d\/1PMcxO96pSxjZ4oFna2juBEF3LKq5TfiQ\/view?usp=sharing\">2.- Aprobaci\u00f3n de reserva de matr\u00edcula Luis Alejandro Apaza Nina<\/a><br><a href=\"https:\/\/drive.google.com\/file\/d\/1r4BURkPx0tMWnMPYUsF_LNUr52ktKlVn\/view?usp=sharing\">3.- Aprobaci\u00f3n de reserva de matr\u00edcula Aldo Javier Lluicho Carcausto<\/a><br><a href=\"https:\/\/drive.google.com\/file\/d\/1Z1UgopM378glMxH7krFb9jBp8S1IgtXy\/view?usp=sharing\">4.- Aprobaci\u00f3n de reserva de matr\u00edcula Vilca Ccalla Josu\u00e9<\/a><br><a href=\"https:\/\/drive.google.com\/file\/d\/12eF2O9Wr39hUKN96Xcrj1UsmuFV1WkDC\/view?usp=sharing\">5.- Aprobaci\u00f3n de Informe N\u00b0 100-2024-DUI-FCAH-UNA-PUNO, sub l\u00edneas de\u00a0<br>\u00a0\u00a0\u00a0\u00a0\u00a0\u00a0investigaci\u00f3n de la EPA<\/a><br><\/td><\/tr><\/tbody><\/table><\/figure>\n\n\n\n<p class=\"has-ast-global-color-4-background-color has-background\"><sub><strong>Los enlaces tienen un funcionamiento sin inconvenientes con el uso del correo institucional de la UNAP.<\/strong><\/sub><\/p>\n\n\n\n<p><\/p>\n\n\n\n<p><\/p>\n","protected":false},"excerpt":{"rendered":"<p>Citaci\u00f3n Orden del D\u00eda: 1.-\u00a0 Aprobaci\u00f3n de Grados y t\u00edtulos\u00a02.- Aprobaci\u00f3n de reserva de matr\u00edcula Luis Alejandro Apaza Nina3.- Aprobaci\u00f3n [&hellip;]<\/p>\n","protected":false},"author":1,"featured_media":0,"parent":0,"menu_order":0,"comment_status":"closed","ping_status":"closed","template":"","meta":{"site-sidebar-layout":"default","site-content-layout":"","ast-site-content-layout":"","site-content-style":"default","site-sidebar-style":"default","ast-global-header-display":"","ast-banner-title-visibility":"","ast-main-header-display":"","ast-hfb-above-header-display":"","ast-hfb-below-header-display":"","ast-hfb-mobile-header-display":"","site-post-title":"","ast-breadcrumbs-content":"","ast-featured-img":"","footer-sml-layout":"","theme-transparent-header-meta":"","adv-header-id-meta":"","stick-header-meta":"","header-above-stick-meta":"","header-main-stick-meta":"","header-below-stick-meta":"","astra-migrate-meta-layouts":"default","ast-page-background-enabled":"default","ast-page-background-meta":{"desktop":{"background-color":"var(--ast-global-color-4)","background-image":"","background-repeat":"repeat","background-position":"center center","background-size":"auto","background-attachment":"scroll","background-type":"","background-media":"","overlay-type":"","overlay-color":"","overlay-opacity":"","overlay-gradient":""},"tablet":{"background-color":"","background-image":"","background-repeat":"repeat","background-position":"center center","background-size":"auto","background-attachment":"scroll","background-type":"","background-media":"","overlay-type":"","overlay-color":"","overlay-opacity":"","overlay-gradient":""},"mobile":{"background-color":"","background-image":"","background-repeat":"repeat","background-position":"center center","background-size":"auto","background-attachment":"scroll","background-type":"","background-media":"","overlay-type":"","overlay-color":"","overlay-opacity":"","overlay-gradient":""}},"ast-content-background-meta":{"desktop":{"background-color":"var(--ast-global-color-5)","background-image":"","background-repeat":"repeat","background-position":"center center","background-size":"auto","background-attachment":"scroll","background-type":"","background-media":"","overlay-type":"","overlay-color":"","overlay-opacity":"","overlay-gradient":""},"tablet":{"background-color":"var(--ast-global-color-5)","background-image":"","background-repeat":"repeat","background-position":"center center","background-size":"auto","background-attachment":"scroll","background-type":"","background-media":"","overlay-type":"","overlay-color":"","overlay-opacity":"","overlay-gradient":""},"mobile":{"background-color":"var(--ast-global-color-5)","background-image":"","background-repeat":"repeat","background-position":"center center","background-size":"auto","background-attachment":"scroll","background-type":"","background-media":"","overlay-type":"","overlay-color":"","overlay-opacity":"","overlay-gradient":""}},"_joinchat":[],"footnotes":""},"class_list":["post-114","page","type-page","status-publish","hentry"],"_links":{"self":[{"href":"https:\/\/fcah.info\/cf\/wp-json\/wp\/v2\/pages\/114","targetHints":{"allow":["GET"]}}],"collection":[{"href":"https:\/\/fcah.info\/cf\/wp-json\/wp\/v2\/pages"}],"about":[{"href":"https:\/\/fcah.info\/cf\/wp-json\/wp\/v2\/types\/page"}],"author":[{"embeddable":true,"href":"https:\/\/fcah.info\/cf\/wp-json\/wp\/v2\/users\/1"}],"replies":[{"embeddable":true,"href":"https:\/\/fcah.info\/cf\/wp-json\/wp\/v2\/comments?post=114"}],"version-history":[{"count":1,"href":"https:\/\/fcah.info\/cf\/wp-json\/wp\/v2\/pages\/114\/revisions"}],"predecessor-version":[{"id":115,"href":"https:\/\/fcah.info\/cf\/wp-json\/wp\/v2\/pages\/114\/revisions\/115"}],"wp:attachment":[{"href":"https:\/\/fcah.info\/cf\/wp-json\/wp\/v2\/media?parent=114"}],"curies":[{"name":"wp","href":"https:\/\/api.w.org\/{rel}","templated":true}]}}