{"id":110,"date":"2024-09-03T22:06:11","date_gmt":"2024-09-03T22:06:11","guid":{"rendered":"https:\/\/fcah.info\/cf\/?page_id=110"},"modified":"2024-09-03T22:06:11","modified_gmt":"2024-09-03T22:06:11","slug":"sesion-de-consejo-extraordinario-del-04-de-setiembre-del-2024","status":"publish","type":"page","link":"https:\/\/fcah.info\/cf\/sesion-de-consejo-extraordinario-del-04-de-setiembre-del-2024\/","title":{"rendered":"Sesi\u00f3n de Consejo Extraordinario del 04 de Setiembre del 2024"},"content":{"rendered":"\n<figure class=\"wp-block-table is-style-stripes\"><table class=\"has-fixed-layout\"><tbody><tr><td><strong><a href=\"https:\/\/drive.google.com\/file\/d\/1ke3yHSOD5AKsjl6JZUiN6UiTwOaNNZcQ\/view?usp=sharing\">Citaci\u00f3n<\/a><\/strong><\/td><\/tr><tr><td><strong>Orden del D\u00eda:<\/strong><br><br>1.- Regularizaci\u00f3n de firmas de los miembros integrantes del Consejo de Facultad de la facultad de Ciencias Administrativas y Humanas en las actas de sesiones.<br><a href=\"https:\/\/drive.google.com\/file\/d\/17yaxNg2_dAIK1uyqzgdi1nr0Zh_m-i-2\/view?usp=sharing\">2.- Aprobaci\u00f3n de los horarios de sesiones de aprendizaje del semestre acad\u00e9mico 2024-I de la EPA.<\/a><br><a href=\"https:\/\/drive.google.com\/file\/d\/1T6cO3Vi1EqjooF4g8a-8PwnV_KxolOjw\/view?usp=sharing\">3.- Aprobaci\u00f3n de reserva de matr\u00edcula 2024-II de Vilavila Machaca Magda Eusebia.<\/a><br><a href=\"https:\/\/drive.google.com\/file\/d\/14sk1LffLHRBOFOYQH8HgmQOkaKNQBsIm\/view?usp=sharing\">4.- Aprobaci\u00f3n de reserva de matr\u00edcula 2024-II de Condori Condori Jaqueline Dayse<\/a><br><a href=\"https:\/\/drive.google.com\/file\/d\/1Z4AfaIQXdkAiqO9X-yI9hFTA3hmhD8vr\/view?usp=sharing\">5.- Aprobaci\u00f3n del informe de la comisi\u00f3n de revisi\u00f3n de los bachilleratos autom\u00e1ticos observados de egresados de la EPA, seg\u00fan informe N\u00b0 01-2024-CRBA-FCAH-UNA.<\/a><br><a href=\"https:\/\/drive.google.com\/file\/d\/1HmYdCyFH4yrNJ1XA29HVq-wnS-ot6Nu1\/view?usp=sharing\">6.- Aprobaci\u00f3n de Propuesta del Reglamento del Programa de Movilidad Docente de la FCAH.<\/a><br><a href=\"https:\/\/drive.google.com\/file\/d\/1-9ylqt_audXDlSo4tMGcPR0VjTQyXsQD\/view?usp=sharing\">7.- Aprobaci\u00f3n del Reglamento de Pr\u00e1cticas, seg\u00fan informe N\u00b0 01-2024-UNAP-FCAH-EPA.<\/a><\/td><\/tr><\/tbody><\/table><\/figure>\n\n\n\n<p class=\"has-ast-global-color-4-background-color has-background\"><sub><strong>Los enlaces tienen un funcionamiento sin inconvenientes con el uso del correo institucional de la UNAP.<\/strong><\/sub><\/p>\n\n\n\n<p><\/p>\n\n\n\n<p><\/p>\n","protected":false},"excerpt":{"rendered":"<p>Citaci\u00f3n Orden del D\u00eda: 1.- Regularizaci\u00f3n de firmas de los miembros integrantes del Consejo de Facultad de la facultad de [&hellip;]<\/p>\n","protected":false},"author":1,"featured_media":0,"parent":0,"menu_order":0,"comment_status":"closed","ping_status":"closed","template":"","meta":{"site-sidebar-layout":"default","site-content-layout":"","ast-site-content-layout":"","site-content-style":"default","site-sidebar-style":"default","ast-global-header-display":"","ast-banner-title-visibility":"","ast-main-header-display":"","ast-hfb-above-header-display":"","ast-hfb-below-header-display":"","ast-hfb-mobile-header-display":"","site-post-title":"","ast-breadcrumbs-content":"","ast-featured-img":"","footer-sml-layout":"","theme-transparent-header-meta":"","adv-header-id-meta":"","stick-header-meta":"","header-above-stick-meta":"","header-main-stick-meta":"","header-below-stick-meta":"","astra-migrate-meta-layouts":"default","ast-page-background-enabled":"default","ast-page-background-meta":{"desktop":{"background-color":"var(--ast-global-color-4)","background-image":"","background-repeat":"repeat","background-position":"center center","background-size":"auto","background-attachment":"scroll","background-type":"","background-media":"","overlay-type":"","overlay-color":"","overlay-opacity":"","overlay-gradient":""},"tablet":{"background-color":"","background-image":"","background-repeat":"repeat","background-position":"center center","background-size":"auto","background-attachment":"scroll","background-type":"","background-media":"","overlay-type":"","overlay-color":"","overlay-opacity":"","overlay-gradient":""},"mobile":{"background-color":"","background-image":"","background-repeat":"repeat","background-position":"center center","background-size":"auto","background-attachment":"scroll","background-type":"","background-media":"","overlay-type":"","overlay-color":"","overlay-opacity":"","overlay-gradient":""}},"ast-content-background-meta":{"desktop":{"background-color":"var(--ast-global-color-5)","background-image":"","background-repeat":"repeat","background-position":"center center","background-size":"auto","background-attachment":"scroll","background-type":"","background-media":"","overlay-type":"","overlay-color":"","overlay-opacity":"","overlay-gradient":""},"tablet":{"background-color":"var(--ast-global-color-5)","background-image":"","background-repeat":"repeat","background-position":"center center","background-size":"auto","background-attachment":"scroll","background-type":"","background-media":"","overlay-type":"","overlay-color":"","overlay-opacity":"","overlay-gradient":""},"mobile":{"background-color":"var(--ast-global-color-5)","background-image":"","background-repeat":"repeat","background-position":"center center","background-size":"auto","background-attachment":"scroll","background-type":"","background-media":"","overlay-type":"","overlay-color":"","overlay-opacity":"","overlay-gradient":""}},"_joinchat":[],"footnotes":""},"class_list":["post-110","page","type-page","status-publish","hentry"],"_links":{"self":[{"href":"https:\/\/fcah.info\/cf\/wp-json\/wp\/v2\/pages\/110","targetHints":{"allow":["GET"]}}],"collection":[{"href":"https:\/\/fcah.info\/cf\/wp-json\/wp\/v2\/pages"}],"about":[{"href":"https:\/\/fcah.info\/cf\/wp-json\/wp\/v2\/types\/page"}],"author":[{"embeddable":true,"href":"https:\/\/fcah.info\/cf\/wp-json\/wp\/v2\/users\/1"}],"replies":[{"embeddable":true,"href":"https:\/\/fcah.info\/cf\/wp-json\/wp\/v2\/comments?post=110"}],"version-history":[{"count":1,"href":"https:\/\/fcah.info\/cf\/wp-json\/wp\/v2\/pages\/110\/revisions"}],"predecessor-version":[{"id":111,"href":"https:\/\/fcah.info\/cf\/wp-json\/wp\/v2\/pages\/110\/revisions\/111"}],"wp:attachment":[{"href":"https:\/\/fcah.info\/cf\/wp-json\/wp\/v2\/media?parent=110"}],"curies":[{"name":"wp","href":"https:\/\/api.w.org\/{rel}","templated":true}]}}